{"id":126,"date":"2017-10-12T18:00:29","date_gmt":"2017-10-12T18:00:29","guid":{"rendered":"https:\/\/betigazte.000webhostapp.com\/?page_id=126"},"modified":"2018-06-21T11:32:28","modified_gmt":"2018-06-21T11:32:28","slug":"historia","status":"publish","type":"page","link":"http:\/\/www.betigazte.net\/?page_id=126","title":{"rendered":"Historia"},"content":{"rendered":"<p style=\"text-align: left;\"><a href=\"https:\/\/betigazte.000webhostapp.com\/wp-content\/uploads\/2017\/10\/1.jpg\" target=\"_blank\" rel=\"noopener\"><img loading=\"lazy\" decoding=\"async\" class=\"alignright wp-image-127\" src=\"https:\/\/betigazte.000webhostapp.com\/wp-content\/uploads\/2017\/10\/1-224x300.jpg\" alt=\"\" width=\"237\" height=\"317\" srcset=\"http:\/\/www.betigazte.net\/wp-content\/uploads\/2017\/10\/1-224x300.jpg 224w, http:\/\/www.betigazte.net\/wp-content\/uploads\/2017\/10\/1.jpg 290w\" sizes=\"auto, (max-width: 237px) 100vw, 237px\" \/><\/a>La Sociedad Deportiva, Cultural y Recreativa \u00abBeti Gazte\u00bb se fund\u00f3 el 9 de Agosto de 1940, \u00a0de la mano de la Juventud Masculina de Acci\u00f3n Cat\u00f3lica, que canalizaba la mayor\u00eda de las actividades deportivas y culturales de Lesaka en aquella \u00e9poca, \u00abdada la fiebre deportiva, especialmente futbol\u00edstica de los socios\u00bb, seg\u00fan se recoge en un acta.<\/p>\n<p>La secci\u00f3n deportiva \u00abBeti Gazte\u00bb de dicha Juventud cont\u00f3 en sus inicios con cinco grupos: Pelota, F\u00fatbol, Alpinismo, Ciclismo y Atletismo y los primeros socios adem\u00e1s de pagar 5 pesetas de ingreso y abonar la peseta de cuota mensual, deb\u00edan tener una \u00abconducta honesta\u00bb.<\/p>\n<p>Aquellos primeros a\u00f1os, sin \u00a0competici\u00f3n oficial de f\u00fatbol, el equipo jugaba partidos amistosos contra equipos navarros y guipuzcoanos de la cuenca del Bidasoa, desplaz\u00e1ndose en el tren Txikito.<\/p>\n<p>Pronto empezar\u00edan las competiciones oficiosas y el Beti Gazte result\u00f3 campe\u00f3n del Primer Campeonato del Bidasoa organizado por el peri\u00f3dico \u00abLa voz de Espa\u00f1a\u00bb y de la primera Copa Frontera de 1950, organizada por el Diario Vasco. En conmemoraci\u00f3n del primer campeonato del Bidasoa, el m\u00fasico Feliciano Beobide compuso el \u00abAlir\u00f3n\u00bb, \u00a0que todav\u00eda forma parte del Himno del Club al que puso letra en 1994 el bertsolari Manolo Arozena.<\/p>\n<p style=\"text-align: center;\"><a href=\"https:\/\/betigazte.000webhostapp.com\/wp-content\/uploads\/2017\/10\/2.jpg\" target=\"_blank\" rel=\"noopener\"><img loading=\"lazy\" decoding=\"async\" class=\"alignnone wp-image-128 size-medium\" src=\"http:\/\/www.betigazte.net\/wp-content\/uploads\/2017\/10\/2-300x201.jpg\" alt=\"\" width=\"300\" height=\"201\" srcset=\"http:\/\/www.betigazte.net\/wp-content\/uploads\/2017\/10\/2-300x201.jpg 300w, http:\/\/www.betigazte.net\/wp-content\/uploads\/2017\/10\/2-600x402.jpg 600w, http:\/\/www.betigazte.net\/wp-content\/uploads\/2017\/10\/2.jpg 633w\" sizes=\"auto, (max-width: 300px) 100vw, 300px\" \/><\/a><\/p>\n<p>En aquellos a\u00f1os 1940-1950 surgi\u00f3 tambi\u00e9n la eterna rivalidad con el Gure Txokoa de Bera. \u00a0Tras \u00a0volver a ganar el campeonato del Bidasoa en varias ocasiones, el club lesakarra tuvo sus altibajos durante la siguiente d\u00e9cada, a\u00f1os en los que incluso desapareci\u00f3 el equipo de f\u00fatbol y algunos de sus jugadores emigraron a Ir\u00fan o a Bera.\u00a0\u200b<\/p>\n<p style=\"text-align: left;\">En la d\u00e9cada de 1970 particip\u00f3 en el campeonato vasco-navarro en el que fueron finalistas en 1973. \u00a0A finales de esa d\u00e9cada, cuando el f\u00fatbol se feder\u00f3, el club milit\u00f3 por cercan\u00eda en la Segunda Regional Guipuzcoana en la que fue campe\u00f3n en la temporada 1979-1980, por lo que ascendieron a primera. \u00a0Posteriormente volvieron a descender en la temporada 1983-1984, pero en dos temporadas consecutivas, la 1984-1985 \u00a0y la 1985-1986 \u00a0ascendieron de Segunda a Regional Preferente, la m\u00e1xima categor\u00eda en la que ha estado el club (se corresponde \u00a0con la actual Divisi\u00f3n de Honor, en la que llevan cuatro temporadas consecutivas).<\/p>\n<p>En su primera andadura \u00a0mantuvo la categor\u00eda seis temporadas para descender en la 1991-1992. Tras una temporada regular recuper\u00f3 la Preferente en 1993-1994 para volver al descender en la siguiente. Pero en la temporada 1995-1996 el Beti Gazgte, adem\u00e1s de ascender a Preferente, logr\u00f3 el doblete en Primera Regional, ganando liga y copa, algo que nunca hab\u00eda conseguido.<\/p>\n<p>En la siguiente temporada el Beti Gazte se mantuvo \u00abin extremis\u00bb en la \u00faltima jornada en Legazpia y, con ese objetivo cumplido, inici\u00f3 su andadura en el nuevo campo de hierba artificial de \u00abMastegi\u00bb inaugurado tambi\u00e9n un 9 de agosto de 1997, que sustituy\u00f3 al obsoleto Kristo Enea constru\u00eddo literalmente a pico y pala por combatientes anti-franquistas presos en las Brigadas de Trabajo y j\u00f3venes de la localidad en 1940.<\/p>\n<p>El Beti Gazte sigui\u00f3 con su trayectoria \u00a0como equipo ascensor en la \u00faltima y primera d\u00e9cadas de los siglos XX y XXI respectivamente, aunque actualmente lleva cuatro temporadas en la divisi\u00f3n de Honor, en la que lleg\u00f3 a ostentar el liderato el a\u00f1o pasado, por lo que parece que ha dejado atr\u00e1s su fama de equipo ascensor. Y que dure.<\/p>\n<p>&nbsp;<\/p>\n<p><strong>CAMPEONES DEL MUNDO<\/strong><\/p>\n<p><a href=\"https:\/\/betigazte.000webhostapp.com\/wp-content\/uploads\/2017\/10\/3.jpg\" target=\"_blank\" rel=\"noopener\"><img loading=\"lazy\" decoding=\"async\" class=\"alignright wp-image-129\" src=\"https:\/\/betigazte.000webhostapp.com\/wp-content\/uploads\/2017\/10\/3-300x205.jpg\" alt=\"\" width=\"367\" height=\"251\" srcset=\"http:\/\/www.betigazte.net\/wp-content\/uploads\/2017\/10\/3-300x205.jpg 300w, http:\/\/www.betigazte.net\/wp-content\/uploads\/2017\/10\/3.jpg 373w\" sizes=\"auto, (max-width: 367px) 100vw, 367px\" \/><\/a>Pero el deporte que m\u00e1s renombre mundial ha dado al club ha sido la sokatira, ya que, adem\u00e1s de ganar varios campeonatos de Navarra y Euskadi en la \u00faltima d\u00e9cada del siglo XX, tambi\u00e9n fue campe\u00f3n del mundo por clubes en tres ocasiones, en Irlanda (Carlow 1999), Holanda (Slagherem 2000) y Escocia (Glasgow 2004).<\/p>\n<p>\u200bTras varios a\u00f1os sin equipo, en 2010 volvieron a pisar la goma y fueron campeones navarros. Este a\u00f1o ya han ganado el campeonato 4&#215;4 en las dos categor\u00edas (320 y 300 kilos). Con menos recorrido, el equipo femenino tambi\u00e9n particip\u00f3 en el campeonato del Mundo de Italia (Cesenatico, 2010).<\/p>\n<p>\u200bAdem\u00e1s de en sokatira, el Beti Gazte ha tenido equipos federados \u00a0en baloncesto, f\u00fatbol-sala, ciclismo, ajedrez o tenis de mesa, ya desaparecidos. \u00a0Incluso lleg\u00f3 a organizar durante varios a\u00f1os un campeonato internacional de ajedrez. Tambi\u00e9n sustent\u00f3 la pelota hasta la fundaci\u00f3n de la Sociedad Arkupe, en 1985.<\/p>\n<p><a href=\"https:\/\/betigazte.000webhostapp.com\/wp-content\/uploads\/2017\/10\/4.jpg\" target=\"_blank\" rel=\"noopener\"><img loading=\"lazy\" decoding=\"async\" class=\"aligncenter wp-image-130 size-medium\" src=\"http:\/\/www.betigazte.net\/wp-content\/uploads\/2017\/10\/4-300x226.jpg\" alt=\"\" width=\"300\" height=\"226\" srcset=\"http:\/\/www.betigazte.net\/wp-content\/uploads\/2017\/10\/4-300x226.jpg 300w, http:\/\/www.betigazte.net\/wp-content\/uploads\/2017\/10\/4.jpg 359w\" sizes=\"auto, (max-width: 300px) 100vw, 300px\" \/><\/a><\/p>\n<p>As\u00ed mismo ha impulsado la cultura. En sus primeros a\u00f1os organiz\u00f3 diversas representaciones teatrales y sesiones de cine y danzas en Otxogorrienea, con las que sufragaba, aunque parezca un sinsentido en la actualidad, los gastos que generaba \u00a0el f\u00fatbol. \u00a0Tambi\u00e9n organiz\u00f3 festivales de bertsolaris, el concurso de fotograf\u00eda o \u00abEzagutu Dezagun Lesaka\u00bb, recuperados a partir del 70\u00ba aniversario. \u00a0En los \u00faltimos a\u00f1os tambi\u00e9n ha organizado tres Concursos de Pintura al Aire Libre y un concurso de cuentos.<\/p>\n<p style=\"text-align: right;\">Reportaje de Aitor Arozena<\/p>\n<div class=\"\" data-block=\"true\" data-editor=\"4m2hk\" data-offset-key=\"2uhbb-0-0\">\n<div class=\"_1mf _1mj\" style=\"text-align: center;\" data-offset-key=\"2uhbb-0-0\"><strong>60 URTE ETA BETI GAZTE!<\/strong><\/div>\n<div data-offset-key=\"2uhbb-0-0\"><\/div>\n<\/div>\n<div class=\"\" data-block=\"true\" data-editor=\"4m2hk\" data-offset-key=\"4n1fq-0-0\">\n<div class=\"_1mf _1mj\" style=\"text-align: center;\" data-offset-key=\"4n1fq-0-0\"><span data-offset-key=\"4n1fq-0-0\">Aqu\u00ed pod\u00e9is encontrar el libro escrito por Aitor Arotzena en el a\u00f1o 2000 sobre el Beti Gazte.<\/span><\/div>\n<\/div>\n<div class=\"\" data-block=\"true\" data-editor=\"4m2hk\" data-offset-key=\"3kbr8-0-0\">\n<div data-offset-key=\"3kbr8-0-0\"><\/div>\n<div class=\"_1mf _1mj\" style=\"text-align: center;\" data-offset-key=\"3kbr8-0-0\"><span data-offset-key=\"3kbr8-0-0\">\u00a1Un muy buen trabajo y mejor recuerdo!<\/span><\/div>\n<div data-offset-key=\"3kbr8-0-0\"><\/div>\n<div style=\"text-align: center;\" data-offset-key=\"3kbr8-0-0\"><a href=\"https:\/\/issuu.com\/aitorarotzenaalbitzu\/docs\/beti_gazte_osoanet\">60 urte&#8230; eta Beti Gazte. 1940-2000.<\/a><\/div>\n<\/div>\n","protected":false},"excerpt":{"rendered":"<p>La Sociedad Deportiva, Cultural y Recreativa \u00abBeti Gazte\u00bb se fund\u00f3 el 9 de Agosto de 1940, \u00a0de la mano de la Juventud Masculina de Acci\u00f3n Cat\u00f3lica, que canalizaba la mayor\u00eda de las actividades deportivas y culturales de Lesaka en aquella&#8230; <a class=\"more-link\" href=\"http:\/\/www.betigazte.net\/?page_id=126\">Seguir leyendo &rarr;<\/a><\/p>\n","protected":false},"author":2,"featured_media":0,"parent":0,"menu_order":0,"comment_status":"closed","ping_status":"closed","template":"","meta":{"spay_email":"","footnotes":""},"class_list":["post-126","page","type-page","status-publish","hentry"],"jetpack_sharing_enabled":true,"jetpack_shortlink":"https:\/\/wp.me\/P9WiWE-22","_links":{"self":[{"href":"http:\/\/www.betigazte.net\/index.php?rest_route=\/wp\/v2\/pages\/126","targetHints":{"allow":["GET"]}}],"collection":[{"href":"http:\/\/www.betigazte.net\/index.php?rest_route=\/wp\/v2\/pages"}],"about":[{"href":"http:\/\/www.betigazte.net\/index.php?rest_route=\/wp\/v2\/types\/page"}],"author":[{"embeddable":true,"href":"http:\/\/www.betigazte.net\/index.php?rest_route=\/wp\/v2\/users\/2"}],"replies":[{"embeddable":true,"href":"http:\/\/www.betigazte.net\/index.php?rest_route=%2Fwp%2Fv2%2Fcomments&post=126"}],"version-history":[{"count":5,"href":"http:\/\/www.betigazte.net\/index.php?rest_route=\/wp\/v2\/pages\/126\/revisions"}],"predecessor-version":[{"id":1951,"href":"http:\/\/www.betigazte.net\/index.php?rest_route=\/wp\/v2\/pages\/126\/revisions\/1951"}],"wp:attachment":[{"href":"http:\/\/www.betigazte.net\/index.php?rest_route=%2Fwp%2Fv2%2Fmedia&parent=126"}],"curies":[{"name":"wp","href":"https:\/\/api.w.org\/{rel}","templated":true}]}}