{"id":136,"date":"2017-10-12T18:20:10","date_gmt":"2017-10-12T18:20:10","guid":{"rendered":"https:\/\/betigazte.000webhostapp.com\/?page_id=136"},"modified":"2018-06-12T20:05:45","modified_gmt":"2018-06-12T20:05:45","slug":"himno","status":"publish","type":"page","link":"http:\/\/www.betigazte.net\/?page_id=136","title":{"rendered":"Himno"},"content":{"rendered":"<p>&nbsp;<\/p>\n<p>En el a\u00f1o 1948 se celebr\u00f3 el Campeonato del Bidasoa. Participaron siete equipos, cuatro equipos navarros y tres guipuzcoanos:\u00a0\u00a0el equipo\u00a0 del Colegio de Lekaroz, Elizondo, Gure Txokoa de Bera, tres equipos de Ir\u00fan y el Beti Gazte.<\/p>\n<p>Para ganar el Campeonato del Bidasoa, el Beti Gazte ten\u00eda que ganar al Gure Txokoa en el\u00a0 \u00faltimo partido.\u00a0 Se impuso por 1 &#8211; 0 en el encuentro disputado en Kristo-Enea y los lesakarras se llevaron el preciado galard\u00f3n. El gol de la victoria fue marcado por Victoriano Mazizior \u00abBeltza\u00bb\u00a0\u00a0Este fue el equipo que gan\u00f3 el Campeonato del Bidasoa:<\/p>\n<p>Julian Ordoki, Nicanor Fagoaga, Miguel Telletxea, P. Olaetxea, Juanito Telletxea, M. Behobide, I. Igarzabal, J. Zubigarai, M Oiarzabal, Joaquin Igarzabal, Victoriano\u00a0 Mazizior.<\/p>\n<p>El m\u00fasico lesakarra, Feliciano Beobide compuso un alir\u00f3n para el equipo que ganara el campeonato, por lo que este Alir\u00f3n pas\u00f3 a ser propiedad del Beti Gazte y desde entonces qued\u00f3 como su himno.<\/p>\n<p>Posteriormente el bertsolari Manolo Arotzena le puso letra:<\/p>\n<p style=\"text-align: center;\"><a href=\"https:\/\/betigazte.000webhostapp.com\/wp-content\/uploads\/2017\/10\/9570033.jpg\" target=\"_blank\" rel=\"noopener\"><img loading=\"lazy\" decoding=\"async\" class=\"alignleft wp-image-137\" src=\"https:\/\/betigazte.000webhostapp.com\/wp-content\/uploads\/2017\/10\/9570033-206x300.jpg\" alt=\"\" width=\"310\" height=\"452\" srcset=\"http:\/\/www.betigazte.net\/wp-content\/uploads\/2017\/10\/9570033-206x300.jpg 206w, http:\/\/www.betigazte.net\/wp-content\/uploads\/2017\/10\/9570033-600x875.jpg 600w, http:\/\/www.betigazte.net\/wp-content\/uploads\/2017\/10\/9570033.jpg 682w\" sizes=\"auto, (max-width: 310px) 100vw, 310px\" \/><\/a><\/p>\n<h5 style=\"text-align: center;\"><strong>Txuri eta berde(e)z<\/strong><br \/>\n<strong> jantzitze(e)n gerade<\/strong><br \/>\n<strong> jokatzeko onenaren pare<\/strong><br \/>\n<strong> Lesakaren alde<\/strong><br \/>\n<strong> gorrotorik gabe<\/strong><br \/>\n<strong> zelai guztietan han dotore.<\/strong><br \/>\n<strong> Lesakako zahar eta gazte<\/strong><br \/>\n<strong> denak oihu hontan bat datozte<\/strong><br \/>\n<strong> Kirola dugu maite<\/strong><br \/>\n<strong> merezi du hainbeste<\/strong><br \/>\n<strong> GORA BETI GAZTE (BIS)<\/strong><br \/>\n<strong> ALIRON! ALIRON!<\/strong><br \/>\n<strong> BETI GAZTE KANPEON!<\/strong><br \/>\n<strong> Guk nahi dugu garaipena<\/strong><br \/>\n<strong> baina ez da hori dena<\/strong><br \/>\n<strong> nahiz ta badugu kemena<\/strong><br \/>\n<strong> kiroltasuna aurrera! (bis)<\/strong><\/h5>\n<p><span class=\"embed-youtube\" style=\"text-align:center; display: block;\"><iframe loading=\"lazy\" class=\"youtube-player\" width=\"676\" height=\"381\" src=\"https:\/\/www.youtube.com\/embed\/CXyyuDyA9pg?version=3&#038;rel=1&#038;showsearch=0&#038;showinfo=1&#038;iv_load_policy=1&#038;fs=1&#038;hl=es-ES&#038;autohide=2&#038;start=1&#038;wmode=transparent\" allowfullscreen=\"true\" style=\"border:0;\" sandbox=\"allow-scripts allow-same-origin allow-popups allow-presentation\"><\/iframe><\/span><\/p>\n","protected":false},"excerpt":{"rendered":"<p>&nbsp; En el a\u00f1o 1948 se celebr\u00f3 el Campeonato del Bidasoa. Participaron siete equipos, cuatro equipos navarros y tres guipuzcoanos:\u00a0\u00a0el equipo\u00a0 del Colegio de Lekaroz, Elizondo, Gure Txokoa de Bera, tres equipos de Ir\u00fan y el Beti Gazte. Para ganar&#8230; <a class=\"more-link\" href=\"http:\/\/www.betigazte.net\/?page_id=136\">Seguir leyendo &rarr;<\/a><\/p>\n","protected":false},"author":2,"featured_media":0,"parent":0,"menu_order":0,"comment_status":"closed","ping_status":"closed","template":"","meta":{"spay_email":"","footnotes":""},"class_list":["post-136","page","type-page","status-publish","hentry"],"jetpack_sharing_enabled":true,"jetpack_shortlink":"https:\/\/wp.me\/P9WiWE-2c","_links":{"self":[{"href":"http:\/\/www.betigazte.net\/index.php?rest_route=\/wp\/v2\/pages\/136","targetHints":{"allow":["GET"]}}],"collection":[{"href":"http:\/\/www.betigazte.net\/index.php?rest_route=\/wp\/v2\/pages"}],"about":[{"href":"http:\/\/www.betigazte.net\/index.php?rest_route=\/wp\/v2\/types\/page"}],"author":[{"embeddable":true,"href":"http:\/\/www.betigazte.net\/index.php?rest_route=\/wp\/v2\/users\/2"}],"replies":[{"embeddable":true,"href":"http:\/\/www.betigazte.net\/index.php?rest_route=%2Fwp%2Fv2%2Fcomments&post=136"}],"version-history":[{"count":2,"href":"http:\/\/www.betigazte.net\/index.php?rest_route=\/wp\/v2\/pages\/136\/revisions"}],"predecessor-version":[{"id":1837,"href":"http:\/\/www.betigazte.net\/index.php?rest_route=\/wp\/v2\/pages\/136\/revisions\/1837"}],"wp:attachment":[{"href":"http:\/\/www.betigazte.net\/index.php?rest_route=%2Fwp%2Fv2%2Fmedia&parent=136"}],"curies":[{"name":"wp","href":"https:\/\/api.w.org\/{rel}","templated":true}]}}