{"id":163,"date":"2017-10-12T18:31:28","date_gmt":"2017-10-12T18:31:28","guid":{"rendered":"https:\/\/betigazte.000webhostapp.com\/?page_id=163"},"modified":"2021-01-28T10:33:11","modified_gmt":"2021-01-28T10:33:11","slug":"ciclismo","status":"publish","type":"page","link":"http:\/\/www.betigazte.net\/?page_id=163","title":{"rendered":"Ciclismo"},"content":{"rendered":"<p><strong>LICENCIA DE CICLISMO<\/strong><\/p>\n<p>\u00bfTodav\u00eda no tienes licencia? Aqu\u00ed te dejamos el documento que debes rellenar para serlo: <a href=\"http:\/\/www.betigazte.net\/wp-content\/uploads\/2021\/01\/X.-Txirrin-Formulario-AZKEN-BERTSIOA.xlsx\">X. Txirrin-Formulario<\/a><\/p>\n<p>Rellena el archivo y m\u00e1ndalo por correo electr\u00f3nico a kirola@betigazte.net. Tambi\u00e9n puedes imprimirlo y entreg\u00e1rnoslo. \u00a1AN\u00cdMATE!<\/p>\n<p><a href=\"http:\/\/www.betigazte.net\/?attachment_id=5612\"><img loading=\"lazy\" decoding=\"async\" class=\"alignnone wp-image-5612 size-medium\" src=\"http:\/\/www.betigazte.net\/wp-content\/uploads\/2021\/01\/2020.12.18.-PRECIOS-LICENCIAS-CICLISMO-212x300.jpg\" alt=\"\" width=\"212\" height=\"300\" srcset=\"http:\/\/www.betigazte.net\/wp-content\/uploads\/2021\/01\/2020.12.18.-PRECIOS-LICENCIAS-CICLISMO-212x300.jpg 212w, http:\/\/www.betigazte.net\/wp-content\/uploads\/2021\/01\/2020.12.18.-PRECIOS-LICENCIAS-CICLISMO-724x1024.jpg 724w, http:\/\/www.betigazte.net\/wp-content\/uploads\/2021\/01\/2020.12.18.-PRECIOS-LICENCIAS-CICLISMO-768x1086.jpg 768w, http:\/\/www.betigazte.net\/wp-content\/uploads\/2021\/01\/2020.12.18.-PRECIOS-LICENCIAS-CICLISMO-1086x1536.jpg 1086w, http:\/\/www.betigazte.net\/wp-content\/uploads\/2021\/01\/2020.12.18.-PRECIOS-LICENCIAS-CICLISMO-1448x2048.jpg 1448w, http:\/\/www.betigazte.net\/wp-content\/uploads\/2021\/01\/2020.12.18.-PRECIOS-LICENCIAS-CICLISMO-600x849.jpg 600w, http:\/\/www.betigazte.net\/wp-content\/uploads\/2021\/01\/2020.12.18.-PRECIOS-LICENCIAS-CICLISMO-945x1337.jpg 945w, http:\/\/www.betigazte.net\/wp-content\/uploads\/2021\/01\/2020.12.18.-PRECIOS-LICENCIAS-CICLISMO.jpg 1587w\" sizes=\"auto, (max-width: 212px) 100vw, 212px\" \/><\/a><\/p>\n<h5><strong>CICLOTURISMO EN RUTA<\/strong><\/h5>\n<p>En el a\u00f1o 1986, la Sociedad Beti-Gazte cre\u00f3 por primera vez la escuela de ciclismo, con 22 ni\u00f1os\/as entre 9 y 15 a\u00f1os. Dicha escuela compiti\u00f3 durante varios a\u00f1os con las escuelas de ciclismo de la zona (Bazt\u00e1n-Malerreka-Bidasoa-Leitza).<\/p>\n<p>En el a\u00f1o 1988, se forman los equipos de cadetes y juvenil y en 1992, Beti-Gazte compite por primera vez en aficionados, con la denominaci\u00f3n Beti-Gazte Sicesal Pabellones Industriales, del que formaron parte los lesakarras Aitor e Imanol Igoa, y Jos\u00e9 Mar\u00eda Mart\u00ednez, siendo director deportivo Gerardo Telletxea.<\/p>\n<p>En 1996 se forma el equipo Urtxintxa que aglutina a los ciclistas cadetes y juveniles de la zona, entre los que se incluye Beti-Gazte.<\/p>\n<p>A lo largo de esos a\u00f1os, la Sociedad organiza diversas carreras (Trofeo Marino Lejarreta, en cadetes, Trofeo Juanito Campe\u00f3n, en juveniles, colaboraci\u00f3n en el Gran Premio Txakain, de aficionados).<\/p>\n<p>A partir de ese a\u00f1o 1996, se deja de organizar dichos campeonatos, por el elevado coste y las dificultades para conseguir las autorizaciones precisas, como consecuencia de la densidad del tr\u00e1fico en las carreteras de zona.<\/p>\n<p>En 2016 se form\u00f3 el equipo master Transbidasoa I\u00f1urrieta, que participa actualmente en carreras master a nivel nacional.<\/p>\n<h5><strong>CICLOTURISMO<\/strong><\/h5>\n<p><a href=\"http:\/\/betigazte.net\/public_html\/wp-content\/uploads\/2018\/04\/2975778-1.jpg\"><img loading=\"lazy\" decoding=\"async\" class=\"size-medium wp-image-834 alignleft\" src=\"http:\/\/betigazte.net\/public_html\/wp-content\/uploads\/2018\/04\/2975778-1-300x176.jpg\" alt=\"\" width=\"300\" height=\"176\" srcset=\"http:\/\/www.betigazte.net\/wp-content\/uploads\/2018\/04\/2975778-1-300x176.jpg 300w, http:\/\/www.betigazte.net\/wp-content\/uploads\/2018\/04\/2975778-1.jpg 575w\" sizes=\"auto, (max-width: 300px) 100vw, 300px\" \/><\/a>El a\u00f1o 2014, y a ra\u00edz del fallecimiento de Salvador Yanci el a\u00f1o anterior, que fue, adem\u00e1s de presidente de la Sociedad, una persona muy implicada en el ciclismo de la zona, se empez\u00f3 a organizar una marcha cicloturista, no competitiva, en su memoria. Dicha prueba se celebra en las primeras semanas de mayo, habi\u00e9ndose celebrado su IV edici\u00f3n el d\u00eda 7 de mayo.<\/p>\n<p>Video de la III Marcha Cicloturista Salvador Yanci. A\u00f1o 2016.<\/p>\n<p><span class=\"embed-youtube\" style=\"text-align:center; display: block;\"><iframe loading=\"lazy\" class=\"youtube-player\" width=\"676\" height=\"381\" src=\"https:\/\/www.youtube.com\/embed\/TgkDkS1jJPA?version=3&#038;rel=1&#038;showsearch=0&#038;showinfo=1&#038;iv_load_policy=1&#038;fs=1&#038;hl=es-ES&#038;autohide=2&#038;wmode=transparent\" allowfullscreen=\"true\" style=\"border:0;\" sandbox=\"allow-scripts allow-same-origin allow-popups allow-presentation\"><\/iframe><\/span><\/p>\n<h5><strong>BTT<\/strong><\/h5>\n<p>La Sociedad organiza por primera vez la traves\u00eda de BTT (Mountain-bike) en el a\u00f1o 1991, que se celebra anualmente hasta el a\u00f1o 1995. En este \u00faltimo a\u00f1o, durante la prueba, se produjo un accidente con una viandante, que origin\u00f3 serios problemas a la Sociedad, por lo que se dej\u00f3 de organizar dicha prueba.<\/p>\n<p><a href=\"http:\/\/betigazte.net\/public_html\/wp-content\/uploads\/2018\/04\/DSC9644.jpg\"><img loading=\"lazy\" decoding=\"async\" class=\"size-medium wp-image-828 alignleft\" src=\"http:\/\/betigazte.net\/public_html\/wp-content\/uploads\/2018\/04\/DSC9644-300x216.jpg\" alt=\"\" width=\"300\" height=\"216\" srcset=\"http:\/\/www.betigazte.net\/wp-content\/uploads\/2018\/04\/DSC9644-300x216.jpg 300w, http:\/\/www.betigazte.net\/wp-content\/uploads\/2018\/04\/DSC9644-768x553.jpg 768w, http:\/\/www.betigazte.net\/wp-content\/uploads\/2018\/04\/DSC9644-1024x737.jpg 1024w, http:\/\/www.betigazte.net\/wp-content\/uploads\/2018\/04\/DSC9644-945x680.jpg 945w, http:\/\/www.betigazte.net\/wp-content\/uploads\/2018\/04\/DSC9644-600x432.jpg 600w, http:\/\/www.betigazte.net\/wp-content\/uploads\/2018\/04\/DSC9644.jpg 1800w\" sizes=\"auto, (max-width: 300px) 100vw, 300px\" \/><\/a>En el a\u00f1o 2008 se retom\u00f3 la organizaci\u00f3n de la misma y desde entonces se ha ido celebrando anualmente la prueba, de car\u00e1cter no competitivo, que ha adquirido renombre por su buena organizaci\u00f3n.<\/p>\n<p>Para m\u00e1s informaci\u00f3n pueden consultar la web del Grupo BTT del Beti Gazte pinchando en el siguiente enlace:\u00a0<a href=\"http:\/\/lesakabtt.weebly.com\/\">http:\/\/lesakabtt.weebly.com\/<\/a><\/p>\n<p>Video realizado por el grupo BTT del a\u00f1o 2017.<\/p>\n<p><span class=\"embed-youtube\" style=\"text-align:center; display: block;\"><iframe loading=\"lazy\" class=\"youtube-player\" width=\"676\" height=\"381\" src=\"https:\/\/www.youtube.com\/embed\/Ag-F-KPI2hI?version=3&#038;rel=1&#038;showsearch=0&#038;showinfo=1&#038;iv_load_policy=1&#038;fs=1&#038;hl=es-ES&#038;autohide=2&#038;wmode=transparent\" allowfullscreen=\"true\" style=\"border:0;\" sandbox=\"allow-scripts allow-same-origin allow-popups allow-presentation\"><\/iframe><\/span><\/p>\n<h5><strong>TRIATLON<\/strong><\/h5>\n<p><a href=\"http:\/\/www.betigazte.net\/wp-content\/uploads\/2018\/05\/1419260770706_content-1.jpg\"><img loading=\"lazy\" decoding=\"async\" class=\"size-medium wp-image-1340 alignright\" src=\"http:\/\/www.betigazte.net\/wp-content\/uploads\/2018\/05\/1419260770706_content-1-158x300.jpg\" alt=\"\" width=\"158\" height=\"300\" srcset=\"http:\/\/www.betigazte.net\/wp-content\/uploads\/2018\/05\/1419260770706_content-1-158x300.jpg 158w, http:\/\/www.betigazte.net\/wp-content\/uploads\/2018\/05\/1419260770706_content-1.jpg 368w\" sizes=\"auto, (max-width: 158px) 100vw, 158px\" \/><\/a>En esta modalidad, a partir del a\u00f1o 2008, se form\u00f3 un equipo compuesto por Bixente Igarzabal y Alejandro Sarobe, que participaron en varias competiciones.<\/p>\n<p>Actualmente, Bixente Igarzabal compite a alto nivel en carreras nacionales e internaciones, habiendo finalizado hasta la actualidad un\u00a0 total de 21 ironman.<\/p>\n","protected":false},"excerpt":{"rendered":"<p>LICENCIA DE CICLISMO \u00bfTodav\u00eda no tienes licencia? Aqu\u00ed te dejamos el documento que debes rellenar para serlo: X. Txirrin-Formulario Rellena el archivo y m\u00e1ndalo por correo electr\u00f3nico a kirola@betigazte.net. Tambi\u00e9n puedes imprimirlo y entreg\u00e1rnoslo. \u00a1AN\u00cdMATE! CICLOTURISMO EN RUTA En el&#8230; <a class=\"more-link\" href=\"http:\/\/www.betigazte.net\/?page_id=163\">Seguir leyendo &rarr;<\/a><\/p>\n","protected":false},"author":2,"featured_media":0,"parent":0,"menu_order":0,"comment_status":"closed","ping_status":"closed","template":"","meta":{"spay_email":"","footnotes":""},"class_list":["post-163","page","type-page","status-publish","hentry"],"jetpack_sharing_enabled":true,"jetpack_shortlink":"https:\/\/wp.me\/P9WiWE-2D","_links":{"self":[{"href":"http:\/\/www.betigazte.net\/index.php?rest_route=\/wp\/v2\/pages\/163","targetHints":{"allow":["GET"]}}],"collection":[{"href":"http:\/\/www.betigazte.net\/index.php?rest_route=\/wp\/v2\/pages"}],"about":[{"href":"http:\/\/www.betigazte.net\/index.php?rest_route=\/wp\/v2\/types\/page"}],"author":[{"embeddable":true,"href":"http:\/\/www.betigazte.net\/index.php?rest_route=\/wp\/v2\/users\/2"}],"replies":[{"embeddable":true,"href":"http:\/\/www.betigazte.net\/index.php?rest_route=%2Fwp%2Fv2%2Fcomments&post=163"}],"version-history":[{"count":4,"href":"http:\/\/www.betigazte.net\/index.php?rest_route=\/wp\/v2\/pages\/163\/revisions"}],"predecessor-version":[{"id":5614,"href":"http:\/\/www.betigazte.net\/index.php?rest_route=\/wp\/v2\/pages\/163\/revisions\/5614"}],"wp:attachment":[{"href":"http:\/\/www.betigazte.net\/index.php?rest_route=%2Fwp%2Fv2%2Fmedia&parent=163"}],"curies":[{"name":"wp","href":"https:\/\/api.w.org\/{rel}","templated":true}]}}