{"id":165,"date":"2017-10-12T18:31:49","date_gmt":"2017-10-12T18:31:49","guid":{"rendered":"https:\/\/betigazte.000webhostapp.com\/?page_id=165"},"modified":"2021-01-28T10:30:12","modified_gmt":"2021-01-28T10:30:12","slug":"montana","status":"publish","type":"page","link":"http:\/\/www.betigazte.net\/?page_id=165","title":{"rendered":"Monta\u00f1a"},"content":{"rendered":"<p><strong>FEDERADOS<\/strong><\/p>\n<p>Actualmente contamos con unos 250 federados. En los \u00faltimos a\u00f1os ha habido un importante incremento.<\/p>\n<p>\u00bfTodav\u00eda no tienes licencia? Aqu\u00ed te dejamos el documento que debes rellenar para serlo: <a href=\"http:\/\/www.betigazte.net\/wp-content\/uploads\/2021\/01\/X.-Mendi-Formulario-AZKEN-BERTSIOA.xlsx\">X. Mendi-Formularioa.\u00a0<\/a><\/p>\n<p>Rellena el archivo y m\u00e1ndalo por correo electr\u00f3nico a kirola@betigazte.net. Tambi\u00e9n puedes imprimirlo y entreg\u00e1rnoslo. \u00a1AN\u00cdMATE!<\/p>\n<p><a href=\"http:\/\/www.betigazte.net\/?attachment_id=5609\"><img loading=\"lazy\" decoding=\"async\" class=\"alignnone wp-image-5609 size-medium\" src=\"http:\/\/www.betigazte.net\/wp-content\/uploads\/2021\/01\/2020.11.18.-BG\u00b421-MENDI-LIZENTZIAK_pages-to-jpg-0002-212x300.jpg\" alt=\"\" width=\"212\" height=\"300\" srcset=\"http:\/\/www.betigazte.net\/wp-content\/uploads\/2021\/01\/2020.11.18.-BG\u00b421-MENDI-LIZENTZIAK_pages-to-jpg-0002-212x300.jpg 212w, http:\/\/www.betigazte.net\/wp-content\/uploads\/2021\/01\/2020.11.18.-BG\u00b421-MENDI-LIZENTZIAK_pages-to-jpg-0002-724x1024.jpg 724w, http:\/\/www.betigazte.net\/wp-content\/uploads\/2021\/01\/2020.11.18.-BG\u00b421-MENDI-LIZENTZIAK_pages-to-jpg-0002-768x1086.jpg 768w, http:\/\/www.betigazte.net\/wp-content\/uploads\/2021\/01\/2020.11.18.-BG\u00b421-MENDI-LIZENTZIAK_pages-to-jpg-0002-1086x1536.jpg 1086w, http:\/\/www.betigazte.net\/wp-content\/uploads\/2021\/01\/2020.11.18.-BG\u00b421-MENDI-LIZENTZIAK_pages-to-jpg-0002-1448x2048.jpg 1448w, http:\/\/www.betigazte.net\/wp-content\/uploads\/2021\/01\/2020.11.18.-BG\u00b421-MENDI-LIZENTZIAK_pages-to-jpg-0002-600x849.jpg 600w, http:\/\/www.betigazte.net\/wp-content\/uploads\/2021\/01\/2020.11.18.-BG\u00b421-MENDI-LIZENTZIAK_pages-to-jpg-0002-945x1337.jpg 945w, http:\/\/www.betigazte.net\/wp-content\/uploads\/2021\/01\/2020.11.18.-BG\u00b421-MENDI-LIZENTZIAK_pages-to-jpg-0002-scaled.jpg 1810w\" sizes=\"auto, (max-width: 212px) 100vw, 212px\" \/><\/a><\/p>\n<p><strong>GPS<\/strong><\/p>\n<p><a href=\"http:\/\/betigazte.000webhostapp.com\/wp-content\/uploads\/2017\/10\/bosque-lesaka-navarra-11.jpg\"><img loading=\"lazy\" decoding=\"async\" class=\"size-medium wp-image-359 alignright\" src=\"http:\/\/betigazte.000webhostapp.com\/wp-content\/uploads\/2017\/10\/bosque-lesaka-navarra-11-300x200.jpg\" alt=\"\" width=\"300\" height=\"200\" srcset=\"http:\/\/www.betigazte.net\/wp-content\/uploads\/2017\/10\/bosque-lesaka-navarra-11-300x200.jpg 300w, http:\/\/www.betigazte.net\/wp-content\/uploads\/2017\/10\/bosque-lesaka-navarra-11-600x400.jpg 600w, http:\/\/www.betigazte.net\/wp-content\/uploads\/2017\/10\/bosque-lesaka-navarra-11.jpg 725w\" sizes=\"auto, (max-width: 300px) 100vw, 300px\" \/><\/a>El club tiene un GPS a disposici\u00f3n de los socios que los soliciten. Previo pago de una fianza de 10\u20ac, cualquier socio puede solicitarlo. La fianza se reintegrar\u00e1 a la devoluci\u00f3n del GPS en buen estado. Contactar con Jes\u00fas Zapirain.<\/p>\n<p><b>LESAKAKO ITZULIA<\/b><\/p>\n<p><a href=\"http:\/\/www.betigazte.net\/wp-content\/uploads\/2018\/05\/kartela-2018.jpg\"><img loading=\"lazy\" decoding=\"async\" class=\" wp-image-1229 alignleft\" src=\"http:\/\/www.betigazte.net\/wp-content\/uploads\/2018\/05\/kartela-2018-215x300.jpg\" alt=\"\" width=\"168\" height=\"234\" srcset=\"http:\/\/www.betigazte.net\/wp-content\/uploads\/2018\/05\/kartela-2018-215x300.jpg 215w, http:\/\/www.betigazte.net\/wp-content\/uploads\/2018\/05\/kartela-2018.jpg 382w\" sizes=\"auto, (max-width: 168px) 100vw, 168px\" \/><\/a>El club ha organizado 12 ediciones de la Lesakako Itzulia, que desde hace 5 forma parte del Circuito de marchas Largas de Navarra. Se celebra cada 2 a\u00f1os, en el mes de Junio. Ya estamos trabajando en la edici\u00f3n del 2016. Animamos desde aqu\u00ed a participar en la marcha, y tambi\u00e9n a colaborar en la organizaci\u00f3n.<\/p>\n<p><strong>CAMINO DE SANTIAGO<\/strong><br \/>\nEn los \u00faltimos a\u00f1os, se han realizado varias etapas del Camino Baztan\u00e9s, de Bayona a Pamplona, a\u00f1o 2011. Otras 4 de Pamplona a Logro\u00f1o (2012). Y finalmente, 5 el 2013 para llegar a Burgos.<\/p>\n<p><a href=\"https:\/\/betigazte.000webhostapp.com\/wp-content\/uploads\/2017\/10\/1-1.jpg\"><strong><img loading=\"lazy\" decoding=\"async\" class=\"size-medium wp-image-361 alignright\" src=\"https:\/\/betigazte.000webhostapp.com\/wp-content\/uploads\/2017\/10\/1-1-300x180.jpg\" alt=\"\" width=\"300\" height=\"180\" srcset=\"http:\/\/www.betigazte.net\/wp-content\/uploads\/2017\/10\/1-1-300x180.jpg 300w, http:\/\/www.betigazte.net\/wp-content\/uploads\/2017\/10\/1-1.jpg 500w\" sizes=\"auto, (max-width: 300px) 100vw, 300px\" \/><\/strong><\/a><\/p>\n<p><strong>SALIDA AL PIRINEO\u00a0<\/strong><br \/>\nIgualmente, llevamos varios a\u00f1os realizando una excursi\u00f3n al Pirineo un fin de semana de Julio.<\/p>\n<p>Se han realizado excursiones al Pirineo navarro, arangon\u00e9s, etc. El<\/p>\n<p><strong>SALIDAS TODO EL A\u00d1O<\/strong><br \/>\nA lo largo del a\u00f1o, se realizan salidas los domingos por la ma\u00f1ana. Normalmente, son salidas con poco o nulo desplazamiento en coche y de entre 4 y 5 horas de caminata, volviendo al pueblo hacia el mediod\u00eda.<\/p>\n<p>Normalmente se confirman las fechas de las salidas dependiendo de las previsiones del tiempo.<br \/>\nRecientemente, hemos creado un grupo de salidas m\u00e1s suaves.<\/p>\n<p><strong><a href=\"https:\/\/betigazte.000webhostapp.com\/wp-content\/uploads\/2017\/10\/P1225346.jpg\"><img loading=\"lazy\" decoding=\"async\" class=\"size-medium wp-image-363 alignright\" src=\"https:\/\/betigazte.000webhostapp.com\/wp-content\/uploads\/2017\/10\/P1225346-300x225.jpg\" alt=\"\" width=\"300\" height=\"225\" srcset=\"http:\/\/www.betigazte.net\/wp-content\/uploads\/2017\/10\/P1225346-300x225.jpg 300w, http:\/\/www.betigazte.net\/wp-content\/uploads\/2017\/10\/P1225346-768x576.jpg 768w, http:\/\/www.betigazte.net\/wp-content\/uploads\/2017\/10\/P1225346-600x450.jpg 600w, http:\/\/www.betigazte.net\/wp-content\/uploads\/2017\/10\/P1225346.jpg 800w\" sizes=\"auto, (max-width: 300px) 100vw, 300px\" \/><\/a>D\u00cdA DE LOS CLUBS NAVARROS DE MONTA\u00d1A<\/strong><\/p>\n<p>Otro evento en el que se lleva participando unos a\u00f1os es el D\u00eda de los Clubs Navarros de Monta\u00f1a, en el mes de Octubre.<\/p>\n<p>En el a\u00f1o 2015 volvimos a organizar el evento en Lesaka (igual que el 2010), dentro del 75 aniversario celebrado por la sociedad. La organizaci\u00f3n fu\u00e9 conjunta con el Oberena de Pamplona.<\/p>\n<p>Adem\u00e1s, se ha participado en el evento cuando se ha celebrado en otras poblaciones: San Adri\u00e1n, Alsasua, San Jean de Pie de Port&#8230;<\/p>\n<p><a href=\"https:\/\/betigazte.000webhostapp.com\/wp-content\/uploads\/2017\/10\/Mirador-de-las-Cinco-Villas-Lesaka2.jpg\"><strong><img loading=\"lazy\" decoding=\"async\" class=\"size-medium wp-image-362 alignleft\" src=\"https:\/\/betigazte.000webhostapp.com\/wp-content\/uploads\/2017\/10\/Mirador-de-las-Cinco-Villas-Lesaka2-300x173.jpg\" alt=\"\" width=\"300\" height=\"173\" srcset=\"http:\/\/www.betigazte.net\/wp-content\/uploads\/2017\/10\/Mirador-de-las-Cinco-Villas-Lesaka2-300x173.jpg 300w, http:\/\/www.betigazte.net\/wp-content\/uploads\/2017\/10\/Mirador-de-las-Cinco-Villas-Lesaka2.jpg 474w\" sizes=\"auto, (max-width: 300px) 100vw, 300px\" \/><\/strong><\/a><\/p>\n<p><strong>MARCAJE DE SENDEROS<\/strong><\/p>\n<p>Por otro lado, hay que indicar tambi\u00e9n que miembros del club forman parte de los voluntarios de la Federaci\u00f3n Navarra de se\u00f1alizaci\u00f3n y mantenimiento de senderos, habiendo tomado parte activamente en el marcaje de la GR-11.3, tramo Ir\u00fan &#8211; Collado de Txori Lepo (Lizaieta), y del nuevo sendero del Bidasoa, que une la mencionada GR con la GR-12 y Bazt\u00e1n, en el tramo Lesaka -Collado de Bustiz (Mendaur). En este \u00faltimo, tambi\u00e9n han intervenido Voluntarios de Igantzi y Arantza.<\/p>\n","protected":false},"excerpt":{"rendered":"<p>FEDERADOS Actualmente contamos con unos 250 federados. En los \u00faltimos a\u00f1os ha habido un importante incremento. \u00bfTodav\u00eda no tienes licencia? Aqu\u00ed te dejamos el documento que debes rellenar para serlo: X. Mendi-Formularioa.\u00a0 Rellena el archivo y m\u00e1ndalo por correo electr\u00f3nico&#8230; <a class=\"more-link\" href=\"http:\/\/www.betigazte.net\/?page_id=165\">Seguir leyendo &rarr;<\/a><\/p>\n","protected":false},"author":2,"featured_media":0,"parent":0,"menu_order":0,"comment_status":"closed","ping_status":"closed","template":"","meta":{"spay_email":"","footnotes":""},"class_list":["post-165","page","type-page","status-publish","hentry"],"jetpack_sharing_enabled":true,"jetpack_shortlink":"https:\/\/wp.me\/P9WiWE-2F","_links":{"self":[{"href":"http:\/\/www.betigazte.net\/index.php?rest_route=\/wp\/v2\/pages\/165","targetHints":{"allow":["GET"]}}],"collection":[{"href":"http:\/\/www.betigazte.net\/index.php?rest_route=\/wp\/v2\/pages"}],"about":[{"href":"http:\/\/www.betigazte.net\/index.php?rest_route=\/wp\/v2\/types\/page"}],"author":[{"embeddable":true,"href":"http:\/\/www.betigazte.net\/index.php?rest_route=\/wp\/v2\/users\/2"}],"replies":[{"embeddable":true,"href":"http:\/\/www.betigazte.net\/index.php?rest_route=%2Fwp%2Fv2%2Fcomments&post=165"}],"version-history":[{"count":3,"href":"http:\/\/www.betigazte.net\/index.php?rest_route=\/wp\/v2\/pages\/165\/revisions"}],"predecessor-version":[{"id":5611,"href":"http:\/\/www.betigazte.net\/index.php?rest_route=\/wp\/v2\/pages\/165\/revisions\/5611"}],"wp:attachment":[{"href":"http:\/\/www.betigazte.net\/index.php?rest_route=%2Fwp%2Fv2%2Fmedia&parent=165"}],"curies":[{"name":"wp","href":"https:\/\/api.w.org\/{rel}","templated":true}]}}