{"id":173,"date":"2017-10-12T18:37:59","date_gmt":"2017-10-12T18:37:59","guid":{"rendered":"https:\/\/betigazte.000webhostapp.com\/?page_id=173"},"modified":"2017-10-12T18:37:59","modified_gmt":"2017-10-12T18:37:59","slug":"club-de-lectura","status":"publish","type":"page","link":"http:\/\/www.betigazte.net\/?page_id=173","title":{"rendered":"Club de Lectura"},"content":{"rendered":"<p><img loading=\"lazy\" decoding=\"async\" class=\" wp-image-842 aligncenter\" src=\"http:\/\/betigazte.net\/public_html\/wp-content\/uploads\/2018\/04\/libros-300x81.jpg\" alt=\"\" width=\"493\" height=\"133\" srcset=\"http:\/\/www.betigazte.net\/wp-content\/uploads\/2018\/04\/libros-300x81.jpg 300w, http:\/\/www.betigazte.net\/wp-content\/uploads\/2018\/04\/libros-768x207.jpg 768w, http:\/\/www.betigazte.net\/wp-content\/uploads\/2018\/04\/libros-1024x275.jpg 1024w, http:\/\/www.betigazte.net\/wp-content\/uploads\/2018\/04\/libros-945x254.jpg 945w, http:\/\/www.betigazte.net\/wp-content\/uploads\/2018\/04\/libros-600x161.jpg 600w, http:\/\/www.betigazte.net\/wp-content\/uploads\/2018\/04\/libros.jpg 1052w\" sizes=\"auto, (max-width: 493px) 100vw, 493px\" \/><\/p>\n<p>El club de lectura del Beti Gazte es un grupo compuesto por personas de diferentes edades creado y coordinado por Mari Sol Irigoyen, cuya finalidad es el fomento de la lectura y el coloquio.<\/p>\n<p>El club comenz\u00f3 su andadura en el a\u00f1o 2010 con un total de cuatro participantes, hoy en d\u00eda, en cambio, son 26 las personas que forman parte de \u00e9l. \u00a0La red de bibliotecas p\u00fablicas de Navarra (\u00f3rgano dependiente del Gobierno de Navarra) cuenta con un fondo de libros que rotan por todos los clubes de lectura de la comunidad. La biblioteca municipal de Lesaka se encarga de dotar al Club de Lectura del Beti Gazte 20 libros iguales para su lectura y posterior comentario.<\/p>\n<p>El club se re\u00fane una vez al mes en Harriondoa \u2013generalmente el \u00faltimo s\u00e1bado de cada mes\u2013para comentar y debatir acerca del libro que han le\u00eddo ese mes (todos leen el mismo libro). Una de los pilares y objetivos del club es fomentar el coloquio y la conversaci\u00f3n sobre el libro le\u00eddo, valorando cualquier aspecto que haya llamado la atenci\u00f3n de cualquiera de los pertenecientes del club.<\/p>\n<p>&nbsp;<\/p>\n<p><strong>CINEFORUM<\/strong><\/p>\n<p>Otra de las actividades que organiza el Club de Lectura del Beti Gazte, es el denominado Cineforum. Se trata de la proyecci\u00f3n de dos pel\u00edculas al a\u00f1o con su posterior comentario y debate grupal.<\/p>\n<p>Una de las pel\u00edculas se proyecta el primer d\u00eda de curso del Club, en el que aprovechan para entregar los primeros libros. La segunda se proyecta el \u00faltimo d\u00eda de curso para darlo por finalizado.<\/p>\n<p>A trav\u00e9s de esta segunda actividad, al igual que con la lectura, se fomenta el comentario y el debate, analizando la pel\u00edcula proyectada en grupo.<\/p>\n<p><img loading=\"lazy\" decoding=\"async\" class=\" wp-image-845 aligncenter\" src=\"http:\/\/betigazte.net\/public_html\/wp-content\/uploads\/2018\/04\/cineforum-300x185.jpg\" alt=\"\" width=\"370\" height=\"228\" srcset=\"http:\/\/www.betigazte.net\/wp-content\/uploads\/2018\/04\/cineforum-300x185.jpg 300w, http:\/\/www.betigazte.net\/wp-content\/uploads\/2018\/04\/cineforum-600x371.jpg 600w, http:\/\/www.betigazte.net\/wp-content\/uploads\/2018\/04\/cineforum.jpg 615w\" sizes=\"auto, (max-width: 370px) 100vw, 370px\" \/><\/p>\n<p><strong>SALIDA CULTURAL ANUAL<\/strong><\/p>\n<p>La tercera y \u00faltima actividad que organiza el Club de Lectura es una salida cultural anual. Normalmente se suele organizar para finales de agosto o principios de septiembre. Siempre el viaje es cultural, conociendo los puntos de inter\u00e9s del lugar que se visita; parte vieja, catedral, etc.<\/p>\n<p>Salidas realizadas: Pamplona, Sos del Rey Cat\u00f3lico, Vitoria, Bilbao y Tarazona.<\/p>\n<p><img loading=\"lazy\" decoding=\"async\" class=\" wp-image-847 aligncenter\" src=\"http:\/\/betigazte.net\/public_html\/wp-content\/uploads\/2018\/04\/descarga-300x109.jpg\" alt=\"\" width=\"435\" height=\"158\" srcset=\"http:\/\/www.betigazte.net\/wp-content\/uploads\/2018\/04\/descarga-300x109.jpg 300w, http:\/\/www.betigazte.net\/wp-content\/uploads\/2018\/04\/descarga.jpg 372w\" sizes=\"auto, (max-width: 435px) 100vw, 435px\" \/><\/p>\n<p>&nbsp;<\/p>\n","protected":false},"excerpt":{"rendered":"<p>El club de lectura del Beti Gazte es un grupo compuesto por personas de diferentes edades creado y coordinado por Mari Sol Irigoyen, cuya finalidad es el fomento de la lectura y el coloquio. El club comenz\u00f3 su andadura en&#8230; <a class=\"more-link\" href=\"http:\/\/www.betigazte.net\/?page_id=173\">Seguir leyendo &rarr;<\/a><\/p>\n","protected":false},"author":2,"featured_media":0,"parent":0,"menu_order":0,"comment_status":"closed","ping_status":"closed","template":"","meta":{"spay_email":"","footnotes":""},"class_list":["post-173","page","type-page","status-publish","hentry"],"jetpack_sharing_enabled":true,"jetpack_shortlink":"https:\/\/wp.me\/P9WiWE-2N","_links":{"self":[{"href":"http:\/\/www.betigazte.net\/index.php?rest_route=\/wp\/v2\/pages\/173","targetHints":{"allow":["GET"]}}],"collection":[{"href":"http:\/\/www.betigazte.net\/index.php?rest_route=\/wp\/v2\/pages"}],"about":[{"href":"http:\/\/www.betigazte.net\/index.php?rest_route=\/wp\/v2\/types\/page"}],"author":[{"embeddable":true,"href":"http:\/\/www.betigazte.net\/index.php?rest_route=\/wp\/v2\/users\/2"}],"replies":[{"embeddable":true,"href":"http:\/\/www.betigazte.net\/index.php?rest_route=%2Fwp%2Fv2%2Fcomments&post=173"}],"version-history":[{"count":0,"href":"http:\/\/www.betigazte.net\/index.php?rest_route=\/wp\/v2\/pages\/173\/revisions"}],"wp:attachment":[{"href":"http:\/\/www.betigazte.net\/index.php?rest_route=%2Fwp%2Fv2%2Fmedia&parent=173"}],"curies":[{"name":"wp","href":"https:\/\/api.w.org\/{rel}","templated":true}]}}