{"id":177,"date":"2017-10-12T18:38:57","date_gmt":"2017-10-12T18:38:57","guid":{"rendered":"https:\/\/betigazte.000webhostapp.com\/?page_id=177"},"modified":"2017-10-12T18:38:57","modified_gmt":"2017-10-12T18:38:57","slug":"grupo-de-baile","status":"publish","type":"page","link":"http:\/\/www.betigazte.net\/?page_id=177","title":{"rendered":"Grupo de Baile"},"content":{"rendered":"<p><strong>GRUPO DE BAILE<\/strong><\/p>\n<p>El grupo grupo de baile del Beti Gazte fue creado en el a\u00f1o 2010 bajo la direcci\u00f3n de Mari Sol Irigoyen. En un inicio fue un peque\u00f1o grupo formado por 6 mujeres el que se reun\u00eda en el Beti Gazte para aprender unos pasos b\u00e1sicos de baile. Hoy en d\u00eda, son 80 las mujeres que componen en el baile, sabi\u00e9ndose m\u00e1s de 20 coreograf\u00edas diferentes en l\u00ednea.<\/p>\n<p><a href=\"http:\/\/betigazte.000webhostapp.com\/wp-content\/uploads\/2017\/10\/IMG_0395.jpg\"><img loading=\"lazy\" decoding=\"async\" class=\"size-medium wp-image-459 alignleft\" src=\"https:\/\/betigazte.000webhostapp.com\/wp-content\/uploads\/2017\/10\/IMG_0395-300x225.jpg\" alt=\"\" width=\"300\" height=\"225\" srcset=\"http:\/\/www.betigazte.net\/wp-content\/uploads\/2017\/10\/IMG_0395-300x225.jpg 300w, http:\/\/www.betigazte.net\/wp-content\/uploads\/2017\/10\/IMG_0395-768x576.jpg 768w, http:\/\/www.betigazte.net\/wp-content\/uploads\/2017\/10\/IMG_0395-1024x768.jpg 1024w, http:\/\/www.betigazte.net\/wp-content\/uploads\/2017\/10\/IMG_0395-945x709.jpg 945w, http:\/\/www.betigazte.net\/wp-content\/uploads\/2017\/10\/IMG_0395-600x450.jpg 600w\" sizes=\"auto, (max-width: 300px) 100vw, 300px\" \/><\/a><\/p>\n<p>Como novedad, durante el 2017 expusieron en tres ocasiones el trabajo realizado a lo largo del a\u00f1o. La primera fue en fiestas de Etxalar, llenando el front\u00f3n de la localidad con un \u00e9xito redundante. La segunda de ellas fue en fiestas de Agerra a finales del mes de agostoy la tercer el d\u00eda de Ferias en Lesaka, ante una Plaza abarrotada de gente, animando y participando en el espect\u00e1culo.<\/p>\n<p>El grupo lo componen mujeres de Lesaka, Bera, Arantza, Igantzi y Etxalar. Los ensayos son los domingos por la tarde en el Front\u00f3n Municipal de Lesaka.<\/p>\n<p>Aqu\u00ed algunas de las fotos de la actuaci\u00f3n en Fiestas de Etxalar del 18 de agosto del 2017.<\/p>\n<p><a href=\"http:\/\/betigazte.000webhostapp.com\/wp-content\/uploads\/2017\/10\/IMG_0367.jpg\"><img loading=\"lazy\" decoding=\"async\" class=\"alignnone size-medium wp-image-462\" src=\"https:\/\/betigazte.000webhostapp.com\/wp-content\/uploads\/2017\/10\/IMG_0367-300x225.jpg\" alt=\"\" width=\"300\" height=\"225\" srcset=\"http:\/\/www.betigazte.net\/wp-content\/uploads\/2017\/10\/IMG_0367-300x225.jpg 300w, http:\/\/www.betigazte.net\/wp-content\/uploads\/2017\/10\/IMG_0367-768x576.jpg 768w, http:\/\/www.betigazte.net\/wp-content\/uploads\/2017\/10\/IMG_0367-1024x768.jpg 1024w, http:\/\/www.betigazte.net\/wp-content\/uploads\/2017\/10\/IMG_0367-945x709.jpg 945w, http:\/\/www.betigazte.net\/wp-content\/uploads\/2017\/10\/IMG_0367-600x450.jpg 600w\" sizes=\"auto, (max-width: 300px) 100vw, 300px\" \/><\/a> <a href=\"http:\/\/betigazte.000webhostapp.com\/wp-content\/uploads\/2017\/10\/IMG_0375.jpg\"><img loading=\"lazy\" decoding=\"async\" class=\"alignnone size-medium wp-image-463\" src=\"https:\/\/betigazte.000webhostapp.com\/wp-content\/uploads\/2017\/10\/IMG_0375-300x225.jpg\" alt=\"\" width=\"300\" height=\"225\" srcset=\"http:\/\/www.betigazte.net\/wp-content\/uploads\/2017\/10\/IMG_0375-300x225.jpg 300w, http:\/\/www.betigazte.net\/wp-content\/uploads\/2017\/10\/IMG_0375-768x576.jpg 768w, http:\/\/www.betigazte.net\/wp-content\/uploads\/2017\/10\/IMG_0375-1024x768.jpg 1024w, http:\/\/www.betigazte.net\/wp-content\/uploads\/2017\/10\/IMG_0375-945x709.jpg 945w, http:\/\/www.betigazte.net\/wp-content\/uploads\/2017\/10\/IMG_0375-600x450.jpg 600w\" sizes=\"auto, (max-width: 300px) 100vw, 300px\" \/><\/a> <a href=\"http:\/\/betigazte.000webhostapp.com\/wp-content\/uploads\/2017\/10\/IMG_0401.jpg\"><img loading=\"lazy\" decoding=\"async\" class=\"size-medium wp-image-464 aligncenter\" src=\"https:\/\/betigazte.000webhostapp.com\/wp-content\/uploads\/2017\/10\/IMG_0401-300x225.jpg\" alt=\"\" width=\"300\" height=\"225\" srcset=\"http:\/\/www.betigazte.net\/wp-content\/uploads\/2017\/10\/IMG_0401-300x225.jpg 300w, http:\/\/www.betigazte.net\/wp-content\/uploads\/2017\/10\/IMG_0401-768x576.jpg 768w, http:\/\/www.betigazte.net\/wp-content\/uploads\/2017\/10\/IMG_0401-1024x768.jpg 1024w, http:\/\/www.betigazte.net\/wp-content\/uploads\/2017\/10\/IMG_0401-945x709.jpg 945w, http:\/\/www.betigazte.net\/wp-content\/uploads\/2017\/10\/IMG_0401-600x450.jpg 600w\" sizes=\"auto, (max-width: 300px) 100vw, 300px\" \/><\/a><\/p>\n","protected":false},"excerpt":{"rendered":"<p>GRUPO DE BAILE El grupo grupo de baile del Beti Gazte fue creado en el a\u00f1o 2010 bajo la direcci\u00f3n de Mari Sol Irigoyen. En un inicio fue un peque\u00f1o grupo formado por 6 mujeres el que se reun\u00eda en&#8230; <a class=\"more-link\" href=\"http:\/\/www.betigazte.net\/?page_id=177\">Seguir leyendo &rarr;<\/a><\/p>\n","protected":false},"author":2,"featured_media":0,"parent":0,"menu_order":0,"comment_status":"closed","ping_status":"closed","template":"","meta":{"spay_email":"","footnotes":""},"class_list":["post-177","page","type-page","status-publish","hentry"],"jetpack_sharing_enabled":true,"jetpack_shortlink":"https:\/\/wp.me\/P9WiWE-2R","_links":{"self":[{"href":"http:\/\/www.betigazte.net\/index.php?rest_route=\/wp\/v2\/pages\/177","targetHints":{"allow":["GET"]}}],"collection":[{"href":"http:\/\/www.betigazte.net\/index.php?rest_route=\/wp\/v2\/pages"}],"about":[{"href":"http:\/\/www.betigazte.net\/index.php?rest_route=\/wp\/v2\/types\/page"}],"author":[{"embeddable":true,"href":"http:\/\/www.betigazte.net\/index.php?rest_route=\/wp\/v2\/users\/2"}],"replies":[{"embeddable":true,"href":"http:\/\/www.betigazte.net\/index.php?rest_route=%2Fwp%2Fv2%2Fcomments&post=177"}],"version-history":[{"count":0,"href":"http:\/\/www.betigazte.net\/index.php?rest_route=\/wp\/v2\/pages\/177\/revisions"}],"wp:attachment":[{"href":"http:\/\/www.betigazte.net\/index.php?rest_route=%2Fwp%2Fv2%2Fmedia&parent=177"}],"curies":[{"name":"wp","href":"https:\/\/api.w.org\/{rel}","templated":true}]}}