{"id":186,"date":"2017-10-12T20:13:33","date_gmt":"2017-10-12T20:13:33","guid":{"rendered":"https:\/\/betigazte.000webhostapp.com\/?page_id=186"},"modified":"2018-05-31T08:17:42","modified_gmt":"2018-05-31T08:17:42","slug":"ezagutu-dezagun-lesaka","status":"publish","type":"page","link":"http:\/\/www.betigazte.net\/?page_id=186","title":{"rendered":"Concurso Ezagutu Dezagun Lesaka"},"content":{"rendered":"<p>El a\u00f1o 1989, la Sociedad Beti Gazte, con la colaboraci\u00f3n del Ayuntamiento de Lesaka y la Caja de Ahorros de Navarra, puso en marcha el Concurso \u201cEzagutu dezagun Lesaka\u201d, dirigido a todos los chicos y chicas de la Ikastola Tantirumairu y de la Escuela Irain.<\/p>\n<p>Desde entonces, con la excepci\u00f3n de varios a\u00f1os, se ha venido celebrando todos los a\u00f1os en los primeros trimestres del a\u00f1o.<\/p>\n<p>Los participantes deben responder a 30 preguntas relacionadas con el pueblo, aunque no es necesario tener que responder a todas.<\/p>\n<p>Durante un mes los alumnos y alumnas preguntan a sus padres, a sus parientes y a cualquier persona de la localidad en busca de la respuesta adecuada. En los \u00faltimos a\u00f1os tambi\u00e9n han podido utilizar las nuevas tecnolog\u00edas (Internet\u2026).<\/p>\n<p>Pasado un mes, se recogen las hojas de respuestas y una vez corregidas se procede a premiarlas.<\/p>\n<p>Los participantes se distribuyen en tres categor\u00edas:<\/p>\n<p style=\"text-align: center;\">* Categor\u00eda A: 1\u00ba y 2\u00ba curso de Ense\u00f1anza Primaria.<\/p>\n<p style=\"text-align: center;\">* Categor\u00eda B: 3\u00ba y 4\u00ba cursos de Educaci\u00f3n Primaria.<\/p>\n<p style=\"text-align: center;\">* Categor\u00eda C:\u00a0 5\u00ba y 6\u00ba cursos de Educaci\u00f3n Primaria.<\/p>\n<p>Reciben premio los cuatro primeros clasificados de cada categor\u00eda. Estos premios no se dan en dinero sino en vales para poder adquirir material did\u00e1ctico. Del mismo modo se concede un premio especial al participante que haya respondido correctamenta a mayor n\u00famero de preguntas as\u00ed como a los participantes que hayan respondido correctamente a m\u00e1s de doce preguntas. Estos \u00faltimos reciben un peque\u00f1o obsequio.<\/p>\n<p>Al final de la sesi\u00f3n del reparto de premios, se sortea un regalo entre todos los participantes que hayan acudido a la entrega de premios.<\/p>\n","protected":false},"excerpt":{"rendered":"<p>El a\u00f1o 1989, la Sociedad Beti Gazte, con la colaboraci\u00f3n del Ayuntamiento de Lesaka y la Caja de Ahorros de Navarra, puso en marcha el Concurso \u201cEzagutu dezagun Lesaka\u201d, dirigido a todos los chicos y chicas de la Ikastola Tantirumairu&#8230; <a class=\"more-link\" href=\"http:\/\/www.betigazte.net\/?page_id=186\">Seguir leyendo &rarr;<\/a><\/p>\n","protected":false},"author":2,"featured_media":0,"parent":0,"menu_order":0,"comment_status":"closed","ping_status":"closed","template":"","meta":{"spay_email":"","footnotes":""},"class_list":["post-186","page","type-page","status-publish","hentry"],"jetpack_sharing_enabled":true,"jetpack_shortlink":"https:\/\/wp.me\/P9WiWE-30","_links":{"self":[{"href":"http:\/\/www.betigazte.net\/index.php?rest_route=\/wp\/v2\/pages\/186","targetHints":{"allow":["GET"]}}],"collection":[{"href":"http:\/\/www.betigazte.net\/index.php?rest_route=\/wp\/v2\/pages"}],"about":[{"href":"http:\/\/www.betigazte.net\/index.php?rest_route=\/wp\/v2\/types\/page"}],"author":[{"embeddable":true,"href":"http:\/\/www.betigazte.net\/index.php?rest_route=\/wp\/v2\/users\/2"}],"replies":[{"embeddable":true,"href":"http:\/\/www.betigazte.net\/index.php?rest_route=%2Fwp%2Fv2%2Fcomments&post=186"}],"version-history":[{"count":2,"href":"http:\/\/www.betigazte.net\/index.php?rest_route=\/wp\/v2\/pages\/186\/revisions"}],"predecessor-version":[{"id":1545,"href":"http:\/\/www.betigazte.net\/index.php?rest_route=\/wp\/v2\/pages\/186\/revisions\/1545"}],"wp:attachment":[{"href":"http:\/\/www.betigazte.net\/index.php?rest_route=%2Fwp%2Fv2%2Fmedia&parent=186"}],"curies":[{"name":"wp","href":"https:\/\/api.w.org\/{rel}","templated":true}]}}