{"id":188,"date":"2017-10-12T20:14:03","date_gmt":"2017-10-12T20:14:03","guid":{"rendered":"https:\/\/betigazte.000webhostapp.com\/?page_id=188"},"modified":"2018-06-03T15:16:57","modified_gmt":"2018-06-03T15:16:57","slug":"concurso-de-pintura-rapida","status":"publish","type":"page","link":"http:\/\/www.betigazte.net\/?page_id=188","title":{"rendered":"Concurso de Pintura R\u00e1pida"},"content":{"rendered":"<p><a href=\"http:\/\/www.betigazte.net\/wp-content\/uploads\/2018\/02\/DSC06599-copia-300x36.jpg\"><img loading=\"lazy\" decoding=\"async\" class=\" wp-image-687 aligncenter\" src=\"http:\/\/www.betigazte.net\/wp-content\/uploads\/2018\/02\/DSC06599-copia-300x36.jpg\" alt=\"\" width=\"617\" height=\"74\" srcset=\"http:\/\/www.betigazte.net\/wp-content\/uploads\/2018\/02\/DSC06599-copia-300x36.jpg 300w, http:\/\/www.betigazte.net\/wp-content\/uploads\/2018\/02\/DSC06599-copia-768x93.jpg 768w, http:\/\/www.betigazte.net\/wp-content\/uploads\/2018\/02\/DSC06599-copia-1024x124.jpg 1024w, http:\/\/www.betigazte.net\/wp-content\/uploads\/2018\/02\/DSC06599-copia-945x114.jpg 945w, http:\/\/www.betigazte.net\/wp-content\/uploads\/2018\/02\/DSC06599-copia-600x73.jpg 600w, http:\/\/www.betigazte.net\/wp-content\/uploads\/2018\/02\/DSC06599-copia.jpg 1800w\" sizes=\"auto, (max-width: 617px) 100vw, 617px\" \/><\/a><\/p>\n<p>El d\u00eda 8 de Junio de 2013 La Sociedad Beti Gazte puso en marcha el I Concurso de Pintura R\u00e1pida \u201cEl\u00edas Garralda\u201d con la colaboraci\u00f3n del Ayuntamiento de Lesaka.<\/p>\n<p>A pesar de que la Sociedad no ten\u00eda ninguna experiencia sobre este tema, sabiendo que en otros muchos lugares se celebraba este concurso con gran \u00e9xito, se puso a trabajar para llevar este concurso adelante por primera vez.<\/p>\n<p><a href=\"http:\/\/www.betigazte.net\/wp-content\/uploads\/2018\/02\/DSC06593-copia.jpg\"><img loading=\"lazy\" decoding=\"async\" class=\"size-medium wp-image-690 alignright\" src=\"http:\/\/www.betigazte.net\/wp-content\/uploads\/2018\/02\/DSC06593-copia-300x200.jpg\" alt=\"\" width=\"300\" height=\"200\" srcset=\"http:\/\/www.betigazte.net\/wp-content\/uploads\/2018\/02\/DSC06593-copia-300x200.jpg 300w, http:\/\/www.betigazte.net\/wp-content\/uploads\/2018\/02\/DSC06593-copia-768x511.jpg 768w, http:\/\/www.betigazte.net\/wp-content\/uploads\/2018\/02\/DSC06593-copia-1024x682.jpg 1024w, http:\/\/www.betigazte.net\/wp-content\/uploads\/2018\/02\/DSC06593-copia-945x629.jpg 945w, http:\/\/www.betigazte.net\/wp-content\/uploads\/2018\/02\/DSC06593-copia-600x399.jpg 600w, http:\/\/www.betigazte.net\/wp-content\/uploads\/2018\/02\/DSC06593-copia.jpg 1800w\" sizes=\"auto, (max-width: 300px) 100vw, 300px\" \/><\/a>Desde entonces, todos los a\u00f1os, el domingo posterior lo D\u00eda del Beti Gazte que se celebra el primer s\u00e1bado de Junio, tiene lugar este Concurso.<\/p>\n<p>El Concurso comienza a las 8:30 de la ma\u00f1ana. A esta hora los pintores que se han acercado a Lesaka, sellan sus lienzos, rellenan las hojas de inscripci\u00f3n preparadas de antemano y se ponen a pintar en el lugar\u00a0 que ellos han elegido.<\/p>\n<p>Un poco m\u00e1s tarde, los ni\u00f1os que concursan\u00a0 recogen sus tablas y buscan su sitio para poder pintar el paisaje que ellos desean.<\/p>\n<p>Durante cuatro horas los pintores realizan su trabajo ante las personas que han salido a la calle ese d\u00eda.<\/p>\n<p><a href=\"http:\/\/www.betigazte.net\/wp-content\/uploads\/2018\/02\/DSC0080.jpg\"><img loading=\"lazy\" decoding=\"async\" class=\"size-medium wp-image-686 alignleft\" src=\"http:\/\/www.betigazte.net\/wp-content\/uploads\/2018\/02\/DSC0080-300x199.jpg\" alt=\"\" width=\"300\" height=\"199\" srcset=\"http:\/\/www.betigazte.net\/wp-content\/uploads\/2018\/02\/DSC0080-300x199.jpg 300w, http:\/\/www.betigazte.net\/wp-content\/uploads\/2018\/02\/DSC0080-768x510.jpg 768w, http:\/\/www.betigazte.net\/wp-content\/uploads\/2018\/02\/DSC0080-1024x680.jpg 1024w, http:\/\/www.betigazte.net\/wp-content\/uploads\/2018\/02\/DSC0080-945x628.jpg 945w, http:\/\/www.betigazte.net\/wp-content\/uploads\/2018\/02\/DSC0080-600x399.jpg 600w, http:\/\/www.betigazte.net\/wp-content\/uploads\/2018\/02\/DSC0080.jpg 1800w\" sizes=\"auto, (max-width: 300px) 100vw, 300px\" \/><\/a>Hacia el mediod\u00eda los pintores hacen entrega de sus cuadros que quedan expuestos en los Bajos de la Alh\u00f3ndiga. Al mismo tiempo los miembros del jurado valoran los trabajos de los peque\u00f1os\/as.<\/p>\n<p>Conclu\u00eddo su trabajo los pintores se re\u00fanen para disfrutar de la comida ofrecida por la Sociedad.<\/p>\n<p>Despu\u00e9s de la comida, hacia las seis se re\u00fanen los miembros del jurado quienes valoran los cuadros. A continuaci\u00f3n se da a conocer p\u00fablicamente el resultado de dicha valoraci\u00f3n y los pintores ganadores se adelantan para recibir sus premios (premio a los dos mejores cuadros y otro premio al mejor cuadro de autor local).<\/p>\n<p><a href=\"http:\/\/www.betigazte.net\/wp-content\/uploads\/2018\/02\/DSC06600-copia.jpg\"><img loading=\"lazy\" decoding=\"async\" class=\" wp-image-689 aligncenter\" src=\"http:\/\/www.betigazte.net\/wp-content\/uploads\/2018\/02\/DSC06600-copia-300x50.jpg\" alt=\"\" width=\"582\" height=\"97\" srcset=\"http:\/\/www.betigazte.net\/wp-content\/uploads\/2018\/02\/DSC06600-copia-300x50.jpg 300w, http:\/\/www.betigazte.net\/wp-content\/uploads\/2018\/02\/DSC06600-copia-768x127.jpg 768w, http:\/\/www.betigazte.net\/wp-content\/uploads\/2018\/02\/DSC06600-copia-1024x169.jpg 1024w, http:\/\/www.betigazte.net\/wp-content\/uploads\/2018\/02\/DSC06600-copia-945x156.jpg 945w, http:\/\/www.betigazte.net\/wp-content\/uploads\/2018\/02\/DSC06600-copia-600x99.jpg 600w, http:\/\/www.betigazte.net\/wp-content\/uploads\/2018\/02\/DSC06600-copia.jpg 1800w\" sizes=\"auto, (max-width: 582px) 100vw, 582px\" \/><\/a><\/p>\n<p>&nbsp;<\/p>\n","protected":false},"excerpt":{"rendered":"<p>El d\u00eda 8 de Junio de 2013 La Sociedad Beti Gazte puso en marcha el I Concurso de Pintura R\u00e1pida \u201cEl\u00edas Garralda\u201d con la colaboraci\u00f3n del Ayuntamiento de Lesaka. A pesar de que la Sociedad no ten\u00eda ninguna experiencia sobre&#8230; <a class=\"more-link\" href=\"http:\/\/www.betigazte.net\/?page_id=188\">Seguir leyendo &rarr;<\/a><\/p>\n","protected":false},"author":2,"featured_media":0,"parent":0,"menu_order":0,"comment_status":"closed","ping_status":"closed","template":"","meta":{"spay_email":"","footnotes":""},"class_list":["post-188","page","type-page","status-publish","hentry"],"jetpack_sharing_enabled":true,"jetpack_shortlink":"https:\/\/wp.me\/P9WiWE-32","_links":{"self":[{"href":"http:\/\/www.betigazte.net\/index.php?rest_route=\/wp\/v2\/pages\/188","targetHints":{"allow":["GET"]}}],"collection":[{"href":"http:\/\/www.betigazte.net\/index.php?rest_route=\/wp\/v2\/pages"}],"about":[{"href":"http:\/\/www.betigazte.net\/index.php?rest_route=\/wp\/v2\/types\/page"}],"author":[{"embeddable":true,"href":"http:\/\/www.betigazte.net\/index.php?rest_route=\/wp\/v2\/users\/2"}],"replies":[{"embeddable":true,"href":"http:\/\/www.betigazte.net\/index.php?rest_route=%2Fwp%2Fv2%2Fcomments&post=188"}],"version-history":[{"count":5,"href":"http:\/\/www.betigazte.net\/index.php?rest_route=\/wp\/v2\/pages\/188\/revisions"}],"predecessor-version":[{"id":1611,"href":"http:\/\/www.betigazte.net\/index.php?rest_route=\/wp\/v2\/pages\/188\/revisions\/1611"}],"wp:attachment":[{"href":"http:\/\/www.betigazte.net\/index.php?rest_route=%2Fwp%2Fv2%2Fmedia&parent=188"}],"curies":[{"name":"wp","href":"https:\/\/api.w.org\/{rel}","templated":true}]}}