{"id":190,"date":"2017-10-12T20:14:36","date_gmt":"2017-10-12T20:14:36","guid":{"rendered":"https:\/\/betigazte.000webhostapp.com\/?page_id=190"},"modified":"2017-10-12T20:14:36","modified_gmt":"2017-10-12T20:14:36","slug":"concurso-de-cuentos-beti-gazte","status":"publish","type":"page","link":"http:\/\/www.betigazte.net\/?page_id=190","title":{"rendered":"Concurso de Cuentos \u00abBeti Gazte\u00bb"},"content":{"rendered":"<p>Aunque\u00a0 la Sociedad Beti Gazte ya organiz\u00f3 un concurso de cuentos en euskera llamado \u201cIkastola\u201d para todos los chicos\/as de la localidad, \u00a0fue en el a\u00f1o 2014 cuando de nuevo se puso en marcha esta iniciativa destinada a todos los ni\u00f1os\/as de Lesaka.<\/p>\n<p>Para ello, el \u00faltimo trimestre del a\u00f1o, se entrega la convocatoria a los dos centros educativos del pueblo: la escuela p\u00fablica IRAIN y la ikastola TANTIRUMAIRU. En ella se informa a los alumnos\/as sobre las bases del concurso y el tema sobre el que deber\u00e1n escribir sus cuentos.<\/p>\n<p>Durante un mes, los ni\u00f1os\/as elaboran el cuento que entregar\u00e1n en los mismos centros educativos.Un jurado nombrado por la Sociedad se re\u00fane posteriormente y decide qui\u00e9nes han sido los ganadores.<\/p>\n<p>Posteriormente en fecha anunciada por la sociedad, se da a conocer ante todos los ni\u00f1os\/as participantes el resultado de su valoraci\u00f3n y se hace\u00a0 entrega de los premios. Estos premios no se dan en dinero en met\u00e1lico sino en vales para poder adquirir material did\u00e1ctico.<\/p>\n<p><a href=\"http:\/\/betigazte.000webhostapp.com\/wp-content\/uploads\/2017\/12\/25299530_2074670859434903_7227244152965805120_n.jpg\"><img loading=\"lazy\" decoding=\"async\" class=\"size-medium wp-image-514 aligncenter\" src=\"http:\/\/betigazte.000webhostapp.com\/wp-content\/uploads\/2017\/12\/25299530_2074670859434903_7227244152965805120_n-300x225.jpg\" alt=\"\" width=\"300\" height=\"225\" srcset=\"http:\/\/www.betigazte.net\/wp-content\/uploads\/2017\/12\/25299530_2074670859434903_7227244152965805120_n-300x225.jpg 300w, http:\/\/www.betigazte.net\/wp-content\/uploads\/2017\/12\/25299530_2074670859434903_7227244152965805120_n-768x576.jpg 768w, http:\/\/www.betigazte.net\/wp-content\/uploads\/2017\/12\/25299530_2074670859434903_7227244152965805120_n-945x709.jpg 945w, http:\/\/www.betigazte.net\/wp-content\/uploads\/2017\/12\/25299530_2074670859434903_7227244152965805120_n-600x450.jpg 600w, http:\/\/www.betigazte.net\/wp-content\/uploads\/2017\/12\/25299530_2074670859434903_7227244152965805120_n.jpg 960w\" sizes=\"auto, (max-width: 300px) 100vw, 300px\" \/><\/a><\/p>\n<p style=\"text-align: center;\"><em>Ganadores Concurso de cuentos 2017<\/em><\/p>\n","protected":false},"excerpt":{"rendered":"<p>Aunque\u00a0 la Sociedad Beti Gazte ya organiz\u00f3 un concurso de cuentos en euskera llamado \u201cIkastola\u201d para todos los chicos\/as de la localidad, \u00a0fue en el a\u00f1o 2014 cuando de nuevo se puso en marcha esta iniciativa destinada a todos los&#8230; <a class=\"more-link\" href=\"http:\/\/www.betigazte.net\/?page_id=190\">Seguir leyendo &rarr;<\/a><\/p>\n","protected":false},"author":2,"featured_media":0,"parent":0,"menu_order":0,"comment_status":"closed","ping_status":"closed","template":"","meta":{"spay_email":"","footnotes":""},"class_list":["post-190","page","type-page","status-publish","hentry"],"jetpack_sharing_enabled":true,"jetpack_shortlink":"https:\/\/wp.me\/P9WiWE-34","_links":{"self":[{"href":"http:\/\/www.betigazte.net\/index.php?rest_route=\/wp\/v2\/pages\/190","targetHints":{"allow":["GET"]}}],"collection":[{"href":"http:\/\/www.betigazte.net\/index.php?rest_route=\/wp\/v2\/pages"}],"about":[{"href":"http:\/\/www.betigazte.net\/index.php?rest_route=\/wp\/v2\/types\/page"}],"author":[{"embeddable":true,"href":"http:\/\/www.betigazte.net\/index.php?rest_route=\/wp\/v2\/users\/2"}],"replies":[{"embeddable":true,"href":"http:\/\/www.betigazte.net\/index.php?rest_route=%2Fwp%2Fv2%2Fcomments&post=190"}],"version-history":[{"count":0,"href":"http:\/\/www.betigazte.net\/index.php?rest_route=\/wp\/v2\/pages\/190\/revisions"}],"wp:attachment":[{"href":"http:\/\/www.betigazte.net\/index.php?rest_route=%2Fwp%2Fv2%2Fmedia&parent=190"}],"curies":[{"name":"wp","href":"https:\/\/api.w.org\/{rel}","templated":true}]}}