{"id":199,"date":"2017-10-12T20:18:58","date_gmt":"2017-10-12T20:18:58","guid":{"rendered":"https:\/\/betigazte.000webhostapp.com\/?page_id=199"},"modified":"2018-06-18T11:35:27","modified_gmt":"2018-06-18T11:35:27","slug":"75-aniversario-del-beti-gazte","status":"publish","type":"page","link":"http:\/\/www.betigazte.net\/?page_id=199","title":{"rendered":"75 ANIVERSARIO"},"content":{"rendered":"<p>En el a\u00f1o 2015 Beti Gazte cumpl\u00eda 75 a\u00f1os. Por ello, fueron muchos los eventos que se organizaron a lo largo de todo el a\u00f1o, resultando exitosos todos ellos. Desde el Beti Gazte nos sentimos orgullosos de todo lo realizado hasta el momento y agradecidos de toda la colaboraci\u00f3n recibida por parte de los lesakarras y vecinos de la localidad.<\/p>\n<h5><strong>CONCURSO LOGO 75 ANIVERSARIO<\/strong><\/h5>\n<p>Previo a la entrada del a\u00f1o 2015 se organiz\u00f3 un concurso de logos. En total fueron 26 los logos presentados para el concurso, de los cuales 20 fueron trabajos realizados por lesakarras. Los restantes fueron presentados por personas de Beintza (Labaien), Alburquerque (Badajoz) y Villava.<a href=\"http:\/\/www.betigazte.net\/wp-content\/uploads\/2018\/02\/M3-12296918-490x559.jpg\" target=\"_blank\" rel=\"noopener\"><br \/>\n<img loading=\"lazy\" decoding=\"async\" class=\"size-medium wp-image-662 alignright\" src=\"http:\/\/betigazte.net\/public_html\/wp-content\/uploads\/2018\/02\/M3-12296918-490x559-263x300.jpg\" alt=\"\" width=\"263\" height=\"300\" srcset=\"http:\/\/www.betigazte.net\/wp-content\/uploads\/2018\/02\/M3-12296918-490x559-263x300.jpg 263w, http:\/\/www.betigazte.net\/wp-content\/uploads\/2018\/02\/M3-12296918-490x559.jpg 490w\" sizes=\"auto, (max-width: 263px) 100vw, 263px\" \/><\/a><\/p>\n<p>Una vez recibidos los trabajos fueron expuestos para su elecci\u00f3n mediante votaci\u00f3n de los socios, de los cuales 41 tomaron parte \u00e9l.\u00a0Una vez recontados todos los votos, la Junta Directiva decidi\u00f3 entre los tres logotipos que m\u00e1s\u00a0 votos hab\u00edan logrado cu\u00e1l deb\u00edan ser los ganadores del concurso.\u00a0Dio la casualidad que esta decisi\u00f3n coincidi\u00f3 con los resultados de la votaci\u00f3n entre los socios, alz\u00e1ndose como ganador el lesakarra Eloi Lopez Txoperena con el siguiente trabajo.<\/p>\n<h5><strong>MARCHA REGULADA A SAN SANTON<\/strong><\/h5>\n<p>El domingo 18 de enero se organiz\u00f3 una marcha regulada de Lesaka a San Ant\u00f3n, como primer acto conmemorativo del 75 aniversario. Participaron 34 parejas o tr\u00edos, con un total de 81 personas.<\/p>\n<p><a href=\"http:\/\/www.betigazte.net\/wp-content\/uploads\/2018\/02\/CIMG3163.jpg\" target=\"_blank\" rel=\"noopener\"><img loading=\"lazy\" decoding=\"async\" class=\"alignleft wp-image-666 size-medium\" src=\"http:\/\/www.betigazte.net\/wp-content\/uploads\/2018\/02\/CIMG3163-300x225.jpg\" alt=\"\" width=\"300\" height=\"225\" srcset=\"http:\/\/www.betigazte.net\/wp-content\/uploads\/2018\/02\/CIMG3163-300x225.jpg 300w, http:\/\/www.betigazte.net\/wp-content\/uploads\/2018\/02\/CIMG3163-768x576.jpg 768w, http:\/\/www.betigazte.net\/wp-content\/uploads\/2018\/02\/CIMG3163.jpg 1024w, http:\/\/www.betigazte.net\/wp-content\/uploads\/2018\/02\/CIMG3163-945x709.jpg 945w, http:\/\/www.betigazte.net\/wp-content\/uploads\/2018\/02\/CIMG3163-600x450.jpg 600w\" sizes=\"auto, (max-width: 300px) 100vw, 300px\" \/><\/a>Resultaron vencedores siendo obsequiados con un bast\u00f3n y un pa\u00f1uelo: Maite Zapirain y Bautista Bereau. En segunda posici\u00f3n quedaron Gurutze Txoperena, Andr\u00e9s Ostolaiz y Jose Mari Gurrutxaga; y finalmente terceros, Ainhoa Ubiria, Alaia Alzugaray y Esther Guruchet.<\/p>\n<p>Todos los participantes recibieron una camiseta y pudieron degustar un pintxo a la llegada.<\/p>\n<p>El tiempo acompa\u00f1\u00f3 durante toda la ma\u00f1ana, siendo el evento satisfactorio tanto para participantes como para organizadores.<\/p>\n<h5><strong>D\u00cdA DEL ARBOL<\/strong><\/h5>\n<p><a href=\"http:\/\/www.betigazte.net\/wp-content\/uploads\/2017\/10\/7095513.jpg\" target=\"_blank\" rel=\"noopener\"><img loading=\"lazy\" decoding=\"async\" class=\"alignright wp-image-442 size-medium\" src=\"http:\/\/www.betigazte.net\/wp-content\/uploads\/2017\/10\/7095513-300x168.jpg\" alt=\"\" width=\"300\" height=\"168\" srcset=\"http:\/\/www.betigazte.net\/wp-content\/uploads\/2017\/10\/7095513-300x168.jpg 300w, http:\/\/www.betigazte.net\/wp-content\/uploads\/2017\/10\/7095513.jpg 361w\" sizes=\"auto, (max-width: 300px) 100vw, 300px\" \/><\/a>Los d\u00edas 21 y 28 de febrero se realiz\u00f3 la plantaci\u00f3n del D\u00eda del \u00c1rbol en el paraje Gardelkopagoeta. El tiempo no ayud\u00f3 en absoluto, impidiendo as\u00ed una participaci\u00f3n mayor en ambos d\u00edas.\u00a0\u00a0A\u00fan y todo, los trabajos se realizaron entre la niebla y en esta ocasi\u00f3n, adem\u00e1s de los ni\u00f1os y padres de la Escuela P\u00fablica Irain y la Ikastola Tantirumairu tambi\u00e9n tomaron parte trabajadores de Arcelor Mittal.<\/p>\n<p>En total estuvieron trabajando unos 30 amigos para plantar 50 hayas, 50 robles aut\u00f3ctonos, 30 fresnos, 2 cerezos y y 4 nogales.<\/p>\n<p class=\"paragraph\">Hay que citar y agradecer especialmente el trabajo de Carlos Txoperena, ya que todos los trabajos\u00a0 de plantaci\u00f3n se llevaron a cabo bajo sus \u00f3rdenes.<\/p>\n<h5><strong>TRAVES\u00cdA LESAKA-HONDARRIBIA, HONDARRIBIA-DONOSTI, DONOSTI-ZARAUTZ<\/strong><\/h5>\n<p>Fueron 3 las traves\u00edas realizadas a lo largo del a\u00f1o con motivo del 75 aniversario del club.<\/p>\n<p>La primera de ellas se llev\u00f3 a cabo el domingo 1 de marzo siendo 51 las personas que se animaron en la traves\u00eda LESAKA-HONDARRRIBIA.<\/p>\n<p><a href=\"http:\/\/www.betigazte.net\/wp-content\/uploads\/2018\/02\/2390_16.jpg\" target=\"_blank\" rel=\"noopener\"><img loading=\"lazy\" decoding=\"async\" class=\"alignleft wp-image-672 size-medium\" src=\"http:\/\/www.betigazte.net\/wp-content\/uploads\/2018\/02\/2390_16-300x225.jpg\" alt=\"\" width=\"300\" height=\"225\" srcset=\"http:\/\/www.betigazte.net\/wp-content\/uploads\/2018\/02\/2390_16-300x225.jpg 300w, http:\/\/www.betigazte.net\/wp-content\/uploads\/2018\/02\/2390_16-768x576.jpg 768w, http:\/\/www.betigazte.net\/wp-content\/uploads\/2018\/02\/2390_16.jpg 1024w, http:\/\/www.betigazte.net\/wp-content\/uploads\/2018\/02\/2390_16-945x709.jpg 945w, http:\/\/www.betigazte.net\/wp-content\/uploads\/2018\/02\/2390_16-600x450.jpg 600w\" sizes=\"auto, (max-width: 300px) 100vw, 300px\" \/><\/a>La segunda de ellas, HONDARRIBIA-DONOSTI se organiz\u00f3 para el 29 de marzo, participando 60 personas, siendo la m\u00e1s exitosa de las traves\u00edas.<\/p>\n<p>La \u00faltima de las traves\u00edas DONOSTI-ZARAUTZ se celebr\u00f3 el 3 de mayo participando 50 personas.<\/p>\n<p>La valoraci\u00f3n de la junta, as\u00ed como la de los participantes fue muy positiva, ya que fueron numerosas todas ellas, contando con la ayuda del tiempo y el buen ambiente que caracteriza este tipo de salidas, celebr\u00e1ndolo siempre con una buena comida.<\/p>\n<h5><strong>ALARDE DE BANDAS<\/strong><\/h5>\n<p>El 9 de mayo se celebr\u00f3 un Alarde de Bandas en Lesaka en colaboraci\u00f3n con las Bandas de M\u00fasica de Lesaka, Bera y Baztan.<\/p>\n<p><a href=\"http:\/\/www.betigazte.net\/wp-content\/uploads\/2018\/02\/11210498_1112074918818955_5480690897688376865_n.jpg\" target=\"_blank\" rel=\"noopener\"><img loading=\"lazy\" decoding=\"async\" class=\"alignright wp-image-676 size-medium\" src=\"http:\/\/www.betigazte.net\/wp-content\/uploads\/2018\/02\/11210498_1112074918818955_5480690897688376865_n-300x225.jpg\" alt=\"\" width=\"300\" height=\"225\" srcset=\"http:\/\/www.betigazte.net\/wp-content\/uploads\/2018\/02\/11210498_1112074918818955_5480690897688376865_n-300x225.jpg 300w, http:\/\/www.betigazte.net\/wp-content\/uploads\/2018\/02\/11210498_1112074918818955_5480690897688376865_n-768x576.jpg 768w, http:\/\/www.betigazte.net\/wp-content\/uploads\/2018\/02\/11210498_1112074918818955_5480690897688376865_n-945x709.jpg 945w, http:\/\/www.betigazte.net\/wp-content\/uploads\/2018\/02\/11210498_1112074918818955_5480690897688376865_n-600x450.jpg 600w, http:\/\/www.betigazte.net\/wp-content\/uploads\/2018\/02\/11210498_1112074918818955_5480690897688376865_n.jpg 960w\" sizes=\"auto, (max-width: 300px) 100vw, 300px\" \/><\/a>La jornada comenz\u00f3 con una kalejira a las 17:30\u00a0 por las diferentes calles del pueblo, realizando cada banda un recorrido diferente. A continuaci\u00f3n se llevaron a cabo tres cortos conciertos en la Plaza del pueblo, finalizando hacia las 19:00 con el\u00a0 himno del Beti Gazte interpretado por todas los grupos participantes.<\/p>\n<p>Adem\u00e1s de ambientar todas las calles del pueblo, fue abundante el p\u00fablico que se concentr\u00f3 en la plaza del pueblo para disfrutar de las Bandas de M\u00fasica de la zona.<\/p>\n<h5><strong>HERRI OLINPIADAK<\/strong><\/h5>\n<p>A lo largo del mes de junio en colaboraci\u00f3n con\u00a0 la Gazte Asanblada, se celebr\u00f3 la 1\u00aa edici\u00f3n de las Herri Olinpiadak, con una participaci\u00f3n de 9 equipos y unos 60 j\u00f3venes de la localidad.\u00a0\u00a0Los equipos eran todos mixtos, participando en todos ellos tanto chicas como chicos.<\/p>\n<p><a href=\"http:\/\/www.betigazte.net\/wp-content\/uploads\/2018\/02\/2015-07-04-san-zarandio-rafa-13-1.jpg\" target=\"_blank\" rel=\"noopener\"><img loading=\"lazy\" decoding=\"async\" class=\"alignleft wp-image-683 size-medium\" src=\"http:\/\/www.betigazte.net\/wp-content\/uploads\/2018\/02\/2015-07-04-san-zarandio-rafa-13-1-300x225.jpg\" alt=\"\" width=\"300\" height=\"225\" srcset=\"http:\/\/www.betigazte.net\/wp-content\/uploads\/2018\/02\/2015-07-04-san-zarandio-rafa-13-1-300x225.jpg 300w, http:\/\/www.betigazte.net\/wp-content\/uploads\/2018\/02\/2015-07-04-san-zarandio-rafa-13-1-768x576.jpg 768w, http:\/\/www.betigazte.net\/wp-content\/uploads\/2018\/02\/2015-07-04-san-zarandio-rafa-13-1-945x709.jpg 945w, http:\/\/www.betigazte.net\/wp-content\/uploads\/2018\/02\/2015-07-04-san-zarandio-rafa-13-1-600x450.jpg 600w, http:\/\/www.betigazte.net\/wp-content\/uploads\/2018\/02\/2015-07-04-san-zarandio-rafa-13-1.jpg 960w\" sizes=\"auto, (max-width: 300px) 100vw, 300px\" \/><\/a>Se disputaron diferentes pruebas los fines de semana del mes de junio, celebr\u00e1ndose las finales el d\u00eda 4 de julio, coincidiendo con las fiestas de Zarandia del pueblo. Algunas de las pruebas que se realizaron fueron: baloncesto, ping-pong, mus, ginkana, etc.<\/p>\n<p>La valoraci\u00f3n fue sido muy positiva y en las pruebas se evalu\u00f3 m\u00e1s la participaci\u00f3n que el nivel de \u00e9stos.<\/p>\n<h5><strong>CHARLA-PROYECCI\u00d3N \u00abAGERRATIK HIMALAYARA\u00bb<\/strong><\/h5>\n<p><a href=\"http:\/\/www.betigazte.net\/wp-content\/uploads\/2018\/03\/beti-gazte.jpg\" target=\"_blank\" rel=\"noopener\"><img loading=\"lazy\" decoding=\"async\" class=\"alignright wp-image-697 size-medium\" src=\"http:\/\/www.betigazte.net\/wp-content\/uploads\/2018\/03\/beti-gazte-209x300.jpg\" alt=\"\" width=\"209\" height=\"300\" srcset=\"http:\/\/www.betigazte.net\/wp-content\/uploads\/2018\/03\/beti-gazte-209x300.jpg 209w, http:\/\/www.betigazte.net\/wp-content\/uploads\/2018\/03\/beti-gazte.jpg 536w\" sizes=\"auto, (max-width: 209px) 100vw, 209px\" \/><\/a>El 27 de junio el Manttale Mendi Lasterketa Taldea de Bera\u00a0en colaboraci\u00f3n con el 75 aniversario del Beti Gazte, ofreci\u00f3 una charla-proyecci\u00f3n en Harriondoa sobre el tema \u201cAgerratik Himalayara\u201d impartido por Patxi Pikabea, Sabino Korta y Ana Larretxea. La recaudaci\u00f3n de las entradas fue destinada a los damnificados del terremoto de Nepal.<\/p>\n<h5><strong>CONCENTRACI\u00d3N DE GIGANTES<\/strong><\/h5>\n<p><a href=\"http:\/\/www.betigazte.net\/wp-content\/uploads\/2018\/03\/5399032.jpg\" target=\"_blank\" rel=\"noopener\"><img loading=\"lazy\" decoding=\"async\" class=\"alignleft wp-image-702 size-medium\" src=\"http:\/\/www.betigazte.net\/wp-content\/uploads\/2018\/03\/5399032-300x254.jpg\" alt=\"\" width=\"300\" height=\"254\" srcset=\"http:\/\/www.betigazte.net\/wp-content\/uploads\/2018\/03\/5399032-300x254.jpg 300w, http:\/\/www.betigazte.net\/wp-content\/uploads\/2018\/03\/5399032.jpg 575w\" sizes=\"auto, (max-width: 300px) 100vw, 300px\" \/><\/a>El 5 de julio, gigantes correspondientes a las comparsas de Igantzi, Bera, Etxalar, Sumbilla, Doneztebe, Elizondo y Lesaka acompa\u00f1ados de m\u00fasicos y cabezudos, animaron las calles de Lesaka. La jornada fue muy exitosa y el p\u00fablico qued\u00f3 muy satisfecho al ver un total de 18 gigantes ambientar Lesaka.<\/p>\n<p>Por la tarde hubo una exhibici\u00f3n de Herri-Kirolak, igualmente exitosa, que congreg\u00f3 a numeroso p\u00fablico.<\/p>\n<h5><strong>CHUPINAZO DE SAN FERMIN<\/strong><\/h5>\n<p><a href=\"http:\/\/www.betigazte.net\/wp-content\/uploads\/2018\/03\/vecinos_19936_11.jpg\" target=\"_blank\" rel=\"noopener\"><img loading=\"lazy\" decoding=\"async\" class=\"alignright wp-image-703 size-medium\" src=\"http:\/\/www.betigazte.net\/wp-content\/uploads\/2018\/03\/vecinos_19936_11-274x300.jpg\" alt=\"\" width=\"274\" height=\"300\" srcset=\"http:\/\/www.betigazte.net\/wp-content\/uploads\/2018\/03\/vecinos_19936_11-274x300.jpg 274w, http:\/\/www.betigazte.net\/wp-content\/uploads\/2018\/03\/vecinos_19936_11-600x657.jpg 600w, http:\/\/www.betigazte.net\/wp-content\/uploads\/2018\/03\/vecinos_19936_11.jpg 700w\" sizes=\"auto, (max-width: 274px) 100vw, 274px\" \/><\/a>Con motivo del 75 aniversario el Ayuntamiento de Lesaka confi\u00f3 al Beti Gazte el lanzamiento del Chupinazo que da comienzo a las fiestas el 6 de julio. La Junta Directiva ofreci\u00f3 la apertura de las fiestas a Basilio Etxebeste, entonces \u00faltimo superviviente de la generaci\u00f3n de futbolistas del club, y Mar\u00eda Ubir\u00eda, la socia m\u00e1s veterana con entonces 93 a\u00f1os. El acto fue exitoso y a la vez muy emotivo.<\/p>\n<h5><strong>D\u00cdA DEL EZPATADANTZARI<\/strong><\/h5>\n<p>El 9 de agosto del mismo a\u00f1o, d\u00eda exacto en el que la sociedad cumpl\u00eda 75 a\u00f1os, celebramos el Ezpatadantzarien eguna.<\/p>\n<p><a href=\"http:\/\/www.betigazte.net\/wp-content\/uploads\/2018\/03\/Sin-t\u00edtulo.jpg\" target=\"_blank\" rel=\"noopener\"><img loading=\"lazy\" decoding=\"async\" class=\"alignleft wp-image-705 size-medium\" src=\"http:\/\/www.betigazte.net\/wp-content\/uploads\/2018\/03\/Sin-t\u00edtulo-300x150.jpg\" alt=\"\" width=\"300\" height=\"150\" srcset=\"http:\/\/www.betigazte.net\/wp-content\/uploads\/2018\/03\/Sin-t\u00edtulo-300x150.jpg 300w, http:\/\/www.betigazte.net\/wp-content\/uploads\/2018\/03\/Sin-t\u00edtulo-768x383.jpg 768w, http:\/\/www.betigazte.net\/wp-content\/uploads\/2018\/03\/Sin-t\u00edtulo-600x299.jpg 600w, http:\/\/www.betigazte.net\/wp-content\/uploads\/2018\/03\/Sin-t\u00edtulo.jpg 904w\" sizes=\"auto, (max-width: 300px) 100vw, 300px\" \/><\/a>Fue uno de los grandez eventos del a\u00f1o. con\u00a0103 dantzaris en liza, que a pesar del mal tiempo, completaron el programa establecido, cuyos puntos m\u00e1s espectaculares fueron la subida a la Iglesia, el baile del \u00abZubigainekoa\u00bb,\u00a0 ocupando 4 puentes del r\u00edo Onin, y el del \u00abZiarkakoa\u00bb en la Plaza Zaharra, extendi\u00e9ndose a lo largo de unos 100 metros hacia Beheko Plaza y calle Arretxea.<\/p>\n<p>Adem\u00e1s, unas 340 personas participaron al mediod\u00eda en la comida popular amenizada por el grupo local Elutxa Txaranga.<\/p>\n<p>Fue un d\u00eda para no olvidar, ya que toda la localidad se volc\u00f3 en una jornada marcada por las dantzas y la\u00a0 emoci\u00f3n.<\/p>\n<p>Pinchando <a href=\"https:\/\/plus.google.com\/photos\/103757998614912500206\/albums\/6184802821694986833\">aqu\u00ed<\/a> podr\u00e9is ver las fotos del d\u00eda.<\/p>\n<p><span class=\"embed-youtube\" style=\"text-align:center; display: block;\"><iframe loading=\"lazy\" class=\"youtube-player\" width=\"676\" height=\"381\" src=\"https:\/\/www.youtube.com\/embed\/gLuADG3M4aQ?version=3&#038;rel=1&#038;showsearch=0&#038;showinfo=1&#038;iv_load_policy=1&#038;fs=1&#038;hl=es-ES&#038;autohide=2&#038;start=271&#038;wmode=transparent\" allowfullscreen=\"true\" style=\"border:0;\" sandbox=\"allow-scripts allow-same-origin allow-popups allow-presentation\"><\/iframe><\/span><\/p>\n<h5><strong>D\u00cdA DE LOS CLUBES DE MONTA\u00d1A<\/strong><\/h5>\n<p>El primer domingo de octubre Beti Gazte, junto con Oberena de Pamplona (que tambi\u00e9n celebraba ese a\u00f1o su 75 aniversario) organizaron el XII D\u00eda de los Clubes de Monta\u00f1a de Navarra.<\/p>\n<p>La jornada se inici\u00f3 con una marcha que arranc\u00f3 desde el polideportivo y subi\u00f3 hasta el monte Frain, para seguir por Piedadeko gaina y regresar a la localidad. En la marcha monta\u00f1era participaron unas 300 personas, con una comida autogestionada y con fin de fiesta en el Front\u00f3n Municipal ambientado por la Txaranga Elutxa.<\/p>\n<h5><strong>CONCIERTO\u00a0 DE LA CORAL GILTZARRI<\/strong><\/h5>\n<p><a href=\"http:\/\/www.betigazte.net\/wp-content\/uploads\/2018\/03\/10401505_1225296220830157_1615556370592260802_n.jpg\" target=\"_blank\" rel=\"noopener\"><img loading=\"lazy\" decoding=\"async\" class=\"alignleft wp-image-708 size-medium\" src=\"http:\/\/www.betigazte.net\/wp-content\/uploads\/2018\/03\/10401505_1225296220830157_1615556370592260802_n-300x225.jpg\" alt=\"\" width=\"300\" height=\"225\" srcset=\"http:\/\/www.betigazte.net\/wp-content\/uploads\/2018\/03\/10401505_1225296220830157_1615556370592260802_n-300x225.jpg 300w, http:\/\/www.betigazte.net\/wp-content\/uploads\/2018\/03\/10401505_1225296220830157_1615556370592260802_n-768x576.jpg 768w, http:\/\/www.betigazte.net\/wp-content\/uploads\/2018\/03\/10401505_1225296220830157_1615556370592260802_n-945x709.jpg 945w, http:\/\/www.betigazte.net\/wp-content\/uploads\/2018\/03\/10401505_1225296220830157_1615556370592260802_n-600x450.jpg 600w, http:\/\/www.betigazte.net\/wp-content\/uploads\/2018\/03\/10401505_1225296220830157_1615556370592260802_n.jpg 960w\" sizes=\"auto, (max-width: 300px) 100vw, 300px\" \/><\/a>El 7 de noviembre, en el auditorio TXOKOBIKO de la Casa de cultura Harriondoa de Lesaka, la coral Giltzarri ofreci\u00f3 un concierto homenaje a la Sociedad Beti Gazte por su 75\u00ba aniversario. La coral interpret\u00f3 un total de 11 obras, resultando exitosas todas ellas.<\/p>\n<h5><strong>CHARLA-COLOQUIO \u00abDE LOS PIRINEOS AL HIMALAYA\u00bb<\/strong><\/h5>\n<p><a href=\"http:\/\/www.betigazte.net\/wp-content\/uploads\/2018\/03\/1610993_1228196217206824_8036017566744311906_n.jpg\" target=\"_blank\" rel=\"noopener\"><img loading=\"lazy\" decoding=\"async\" class=\"alignright wp-image-707 size-medium\" src=\"http:\/\/www.betigazte.net\/wp-content\/uploads\/2018\/03\/1610993_1228196217206824_8036017566744311906_n-300x225.jpg\" alt=\"\" width=\"300\" height=\"225\" srcset=\"http:\/\/www.betigazte.net\/wp-content\/uploads\/2018\/03\/1610993_1228196217206824_8036017566744311906_n-300x225.jpg 300w, http:\/\/www.betigazte.net\/wp-content\/uploads\/2018\/03\/1610993_1228196217206824_8036017566744311906_n-768x576.jpg 768w, http:\/\/www.betigazte.net\/wp-content\/uploads\/2018\/03\/1610993_1228196217206824_8036017566744311906_n-945x709.jpg 945w, http:\/\/www.betigazte.net\/wp-content\/uploads\/2018\/03\/1610993_1228196217206824_8036017566744311906_n-600x450.jpg 600w, http:\/\/www.betigazte.net\/wp-content\/uploads\/2018\/03\/1610993_1228196217206824_8036017566744311906_n.jpg 960w\" sizes=\"auto, (max-width: 300px) 100vw, 300px\" \/><\/a>El 13 de noviembre, tuvimos el placer de conocer un poco m\u00e1s a Edurne Pasaban en la Casa de Cultura \u00a0Harriondoa de Lesaka a ra\u00edz de la Charla-coloquio organizada por el Club.<\/p>\n<p>Tras la presentaci\u00f3n del acto, Edurne dio un repaso a su vida monta\u00f1era y se proyectaron varios v\u00eddeos sobre sus \u00faltimos ocho miles, resultando la charla muy interesante.<\/p>\n<h5><strong>OLENTZERO DEL BETI GAZTE<\/strong><\/h5>\n<p>Con motivo del 75 aniversario el Beti Gazte quiso estar presente tambi\u00e9n el d\u00eda del Olentzero. Despu\u00e9s del concurso celebrado el 24 de diciembre en la Plaza de Lesaka, un voluminoso grupo de socios cant\u00f3 con el Olentzero del Beti Gazte a cuestas fuera de concurso. Por la tarde, nuestro Olentzero protagoniz\u00f3 el final de la kalejira.<\/p>\n<p><a href=\"http:\/\/www.betigazte.net\/wp-content\/uploads\/2018\/03\/1933306_1727716367463689_906446569813818939_o.jpg\" target=\"_blank\" rel=\"noopener\"><img loading=\"lazy\" decoding=\"async\" class=\"aligncenter wp-image-710 size-medium\" src=\"http:\/\/www.betigazte.net\/wp-content\/uploads\/2018\/03\/1933306_1727716367463689_906446569813818939_o-300x162.jpg\" alt=\"\" width=\"300\" height=\"162\" srcset=\"http:\/\/www.betigazte.net\/wp-content\/uploads\/2018\/03\/1933306_1727716367463689_906446569813818939_o-300x162.jpg 300w, http:\/\/www.betigazte.net\/wp-content\/uploads\/2018\/03\/1933306_1727716367463689_906446569813818939_o-768x416.jpg 768w, http:\/\/www.betigazte.net\/wp-content\/uploads\/2018\/03\/1933306_1727716367463689_906446569813818939_o-1024x555.jpg 1024w, http:\/\/www.betigazte.net\/wp-content\/uploads\/2018\/03\/1933306_1727716367463689_906446569813818939_o-945x512.jpg 945w, http:\/\/www.betigazte.net\/wp-content\/uploads\/2018\/03\/1933306_1727716367463689_906446569813818939_o-600x325.jpg 600w, http:\/\/www.betigazte.net\/wp-content\/uploads\/2018\/03\/1933306_1727716367463689_906446569813818939_o.jpg 1106w\" sizes=\"auto, (max-width: 300px) 100vw, 300px\" \/><\/a><\/p>\n<h5><strong>ACTO FINAL 75 ANIVERSARIO<\/strong><\/h5>\n<p>El 2 de enero del 2016, s\u00e1bado, celebramos la \u00faltima actividad del 75 aniversario. Para la tarde se programaron diferentes juegos para ni\u00f1os y ni\u00f1as del pueblo, pudiendo disfrutar a media tarde de una deliciosa txokolatada, donde fueron muchos los animados.<\/p>\n<p>Acto seguido, y al son del himno del Beti Gazte, interpretado por la Txaranga Elutxa, se procedi\u00f3 a la arriada de la bandera, tras la cual, hubo una peque\u00f1a exhibici\u00f3n de fuegos artificiales.<\/p>\n<p>Todos los actos fueron custodiados por un nutrido p\u00fablico que disfrutaron de la tarde.<\/p>\n<p>&nbsp;<\/p>\n<h5><strong>AGRADECIMIENTOS<\/strong><\/h5>\n<p>La Sociedad Beti Gazte ha realizado un gran trabajo para organizar los Actos del 75 Aniversario. Algunos de ellos han sido realmente espectaculares y emocionantes.<\/p>\n<p>Pero todos estos actos no se habr\u00edan podido realizar sin la ayuda de muchos colaboradores. He aqu\u00ed la lista de todos ellos.<\/p>\n<p><a href=\"http:\/\/www.betigazte.net\/wp-content\/uploads\/2018\/06\/2400088_orig.jpg\" target=\"_blank\" rel=\"noopener\"><img loading=\"lazy\" decoding=\"async\" class=\"aligncenter wp-image-1929 size-medium\" src=\"http:\/\/www.betigazte.net\/wp-content\/uploads\/2018\/06\/2400088_orig-300x234.jpg\" alt=\"\" width=\"300\" height=\"234\" srcset=\"http:\/\/www.betigazte.net\/wp-content\/uploads\/2018\/06\/2400088_orig-300x234.jpg 300w, http:\/\/www.betigazte.net\/wp-content\/uploads\/2018\/06\/2400088_orig-768x599.jpg 768w, http:\/\/www.betigazte.net\/wp-content\/uploads\/2018\/06\/2400088_orig-1024x798.jpg 1024w, http:\/\/www.betigazte.net\/wp-content\/uploads\/2018\/06\/2400088_orig-945x737.jpg 945w, http:\/\/www.betigazte.net\/wp-content\/uploads\/2018\/06\/2400088_orig-600x468.jpg 600w, http:\/\/www.betigazte.net\/wp-content\/uploads\/2018\/06\/2400088_orig.jpg 1026w\" sizes=\"auto, (max-width: 300px) 100vw, 300px\" \/><\/a><\/p>\n","protected":false},"excerpt":{"rendered":"<p>En el a\u00f1o 2015 Beti Gazte cumpl\u00eda 75 a\u00f1os. Por ello, fueron muchos los eventos que se organizaron a lo largo de todo el a\u00f1o, resultando exitosos todos ellos. Desde el Beti Gazte nos sentimos orgullosos de todo lo realizado&#8230; <a class=\"more-link\" href=\"http:\/\/www.betigazte.net\/?page_id=199\">Seguir leyendo &rarr;<\/a><\/p>\n","protected":false},"author":2,"featured_media":0,"parent":0,"menu_order":0,"comment_status":"closed","ping_status":"closed","template":"","meta":{"spay_email":"","footnotes":""},"class_list":["post-199","page","type-page","status-publish","hentry"],"jetpack_sharing_enabled":true,"jetpack_shortlink":"https:\/\/wp.me\/P9WiWE-3d","_links":{"self":[{"href":"http:\/\/www.betigazte.net\/index.php?rest_route=\/wp\/v2\/pages\/199","targetHints":{"allow":["GET"]}}],"collection":[{"href":"http:\/\/www.betigazte.net\/index.php?rest_route=\/wp\/v2\/pages"}],"about":[{"href":"http:\/\/www.betigazte.net\/index.php?rest_route=\/wp\/v2\/types\/page"}],"author":[{"embeddable":true,"href":"http:\/\/www.betigazte.net\/index.php?rest_route=\/wp\/v2\/users\/2"}],"replies":[{"embeddable":true,"href":"http:\/\/www.betigazte.net\/index.php?rest_route=%2Fwp%2Fv2%2Fcomments&post=199"}],"version-history":[{"count":4,"href":"http:\/\/www.betigazte.net\/index.php?rest_route=\/wp\/v2\/pages\/199\/revisions"}],"predecessor-version":[{"id":1927,"href":"http:\/\/www.betigazte.net\/index.php?rest_route=\/wp\/v2\/pages\/199\/revisions\/1927"}],"wp:attachment":[{"href":"http:\/\/www.betigazte.net\/index.php?rest_route=%2Fwp%2Fv2%2Fmedia&parent=199"}],"curies":[{"name":"wp","href":"https:\/\/api.w.org\/{rel}","templated":true}]}}