{"id":272,"date":"2017-10-12T23:10:29","date_gmt":"2017-10-12T23:10:29","guid":{"rendered":"https:\/\/betigazte.000webhostapp.com\/?page_id=272"},"modified":"2021-01-28T10:29:13","modified_gmt":"2021-01-28T10:29:13","slug":"mendia","status":"publish","type":"page","link":"http:\/\/www.betigazte.net\/?page_id=272","title":{"rendered":"Mendia"},"content":{"rendered":"<h5><strong><span style=\"color: #000000;\"><span style=\"font-size: medium;\">FEDERATUAK<br \/>\n<\/span><\/span><\/strong><\/h5>\n<p><span style=\"color: #000000;\"><span style=\"font-size: medium;\">Gaur egun 250 federatu inguru gara. Azken urteotan federatu kopuruaren igoera nabarmena izan da.<\/span><\/span><\/p>\n<p>Oraindik ez duzu zure lizentzia? Hementxe uzten dizuegu lizentzia izateko bete beharreko orria. : <a href=\"http:\/\/www.betigazte.net\/wp-content\/uploads\/2021\/01\/X.-Mendi-Formulario-AZKEN-BERTSIOA.xlsx\">X. Mendi-Formulario.<\/a><\/p>\n<p>Izen-emate orria bete eta kirola@betigazte.net helbide elektronikora bidali. Bertzalde, hau inprimitzeko eta guri entregatzeko aukera ere dago.<\/p>\n<p>ANIMATU!<\/p>\n<p><a href=\"http:\/\/www.betigazte.net\/?attachment_id=5609\"><img loading=\"lazy\" decoding=\"async\" class=\"alignnone wp-image-5609 size-medium\" src=\"http:\/\/www.betigazte.net\/wp-content\/uploads\/2021\/01\/2020.11.18.-BG\u00b421-MENDI-LIZENTZIAK_pages-to-jpg-0002-212x300.jpg\" alt=\"\" width=\"212\" height=\"300\" srcset=\"http:\/\/www.betigazte.net\/wp-content\/uploads\/2021\/01\/2020.11.18.-BG\u00b421-MENDI-LIZENTZIAK_pages-to-jpg-0002-212x300.jpg 212w, http:\/\/www.betigazte.net\/wp-content\/uploads\/2021\/01\/2020.11.18.-BG\u00b421-MENDI-LIZENTZIAK_pages-to-jpg-0002-724x1024.jpg 724w, http:\/\/www.betigazte.net\/wp-content\/uploads\/2021\/01\/2020.11.18.-BG\u00b421-MENDI-LIZENTZIAK_pages-to-jpg-0002-768x1086.jpg 768w, http:\/\/www.betigazte.net\/wp-content\/uploads\/2021\/01\/2020.11.18.-BG\u00b421-MENDI-LIZENTZIAK_pages-to-jpg-0002-1086x1536.jpg 1086w, http:\/\/www.betigazte.net\/wp-content\/uploads\/2021\/01\/2020.11.18.-BG\u00b421-MENDI-LIZENTZIAK_pages-to-jpg-0002-1448x2048.jpg 1448w, http:\/\/www.betigazte.net\/wp-content\/uploads\/2021\/01\/2020.11.18.-BG\u00b421-MENDI-LIZENTZIAK_pages-to-jpg-0002-600x849.jpg 600w, http:\/\/www.betigazte.net\/wp-content\/uploads\/2021\/01\/2020.11.18.-BG\u00b421-MENDI-LIZENTZIAK_pages-to-jpg-0002-945x1337.jpg 945w, http:\/\/www.betigazte.net\/wp-content\/uploads\/2021\/01\/2020.11.18.-BG\u00b421-MENDI-LIZENTZIAK_pages-to-jpg-0002-scaled.jpg 1810w\" sizes=\"auto, (max-width: 212px) 100vw, 212px\" \/><\/a><\/p>\n<p><span style=\"color: #000000;\"><span style=\"font-size: medium;\"><strong>GPS\u00a0 \u00a0\u00a0<\/strong><br \/>\n<\/span><\/span><\/p>\n<p><span style=\"color: #000000;\"><span style=\"font-size: medium;\">Elka<a href=\"http:\/\/www.betigazte.net\/wp-content\/uploads\/2017\/10\/bosque-lesaka-navarra-11-1.jpg\"><img loading=\"lazy\" decoding=\"async\" class=\"size-medium wp-image-374 alignright\" src=\"http:\/\/www.betigazte.net\/wp-content\/uploads\/2017\/10\/bosque-lesaka-navarra-11-1-300x200.jpg\" alt=\"\" width=\"300\" height=\"200\" srcset=\"http:\/\/www.betigazte.net\/wp-content\/uploads\/2017\/10\/bosque-lesaka-navarra-11-1-300x200.jpg 300w, http:\/\/www.betigazte.net\/wp-content\/uploads\/2017\/10\/bosque-lesaka-navarra-11-1-600x400.jpg 600w, http:\/\/www.betigazte.net\/wp-content\/uploads\/2017\/10\/bosque-lesaka-navarra-11-1.jpg 725w\" sizes=\"auto, (max-width: 300px) 100vw, 300px\" \/><\/a>rteak badu GPS bat, eskatzen duten bazkideen eskura. 10 \u20acko fiantza utzita edozein bazkidek eskatzen ahal du. Fiantza itzuliko da GPS egoera onean itzultzen denean. Jarri harremanetan Jesus Zapirain-ekin.<\/span><\/span><\/p>\n<h5><strong><span style=\"color: #000000;\"><span style=\"font-size: medium;\">LESAKAKO ITZULIA<\/span><\/span><\/strong><\/h5>\n<p><span style=\"color: #000000;\"><span style=\"font-size: medium;\"><a href=\"http:\/\/www.betigazte.net\/wp-content\/uploads\/2018\/05\/kartela-2018-1.jpg\"><img loading=\"lazy\" decoding=\"async\" class=\" wp-image-1232 alignleft\" src=\"http:\/\/www.betigazte.net\/wp-content\/uploads\/2018\/05\/kartela-2018-1-215x300.jpg\" alt=\"\" width=\"130\" height=\"181\" srcset=\"http:\/\/www.betigazte.net\/wp-content\/uploads\/2018\/05\/kartela-2018-1-215x300.jpg 215w, http:\/\/www.betigazte.net\/wp-content\/uploads\/2018\/05\/kartela-2018-1.jpg 382w\" sizes=\"auto, (max-width: 130px) 100vw, 130px\" \/><\/a>Elkarteak Lesakako Itzuliko 12 edizio antolatu ditu, eta martxa hau duela 5 urtetik Nafarroako Ibilbide Luzeen Zirkuituan sartua da. Bi urtean behin antolatzen da, ekainean. 2016ko martxa prestatzen ari gara. Klubatik animatzen zaituztegu itzuliaren antolakuntzan laguntzera eta bertan parte hartzera.<\/span><\/span><\/p>\n<h5><strong><span style=\"color: #000000;\"><span style=\"font-size: medium;\">SANTIAGO BIDEA<br \/>\n<\/span><\/span><\/strong><\/h5>\n<p><span style=\"color: #000000;\"><span style=\"font-size: medium;\">Azken 3 urteetan, Santiago Bideko 4 etapa egin ditugu Baztango Bidetik, Baionatik Iru\u00f1era, 2011n. Bertze lau Iru\u00f1etik Logro\u00f1ora (2012) eta, azkenik, beste 5, 2013an, Logro\u00f1otik Burgosera.<\/span><\/span><\/p>\n<h5 style=\"text-align: left;\"><span style=\"color: #000000;\"><span style=\"font-size: medium;\"><strong><a href=\"http:\/\/www.betigazte.net\/wp-content\/uploads\/2018\/02\/1-1.jpg\"><img loading=\"lazy\" decoding=\"async\" class=\"size-medium wp-image-643 alignright\" src=\"http:\/\/www.betigazte.net\/wp-content\/uploads\/2018\/02\/1-1-300x180.jpg\" alt=\"\" width=\"300\" height=\"180\" srcset=\"http:\/\/www.betigazte.net\/wp-content\/uploads\/2018\/02\/1-1-300x180.jpg 300w, http:\/\/www.betigazte.net\/wp-content\/uploads\/2018\/02\/1-1.jpg 500w\" sizes=\"auto, (max-width: 300px) 100vw, 300px\" \/><\/a>IRTEERA PIRINIOETARA<\/strong><\/span><\/span><\/h5>\n<p><span style=\"color: #000000;\"><span style=\"font-size: medium;\">Era berean, hainbat urte daramazkigu Pirinioetara irteera bat antolatzen, uztaileko aste hondar batean. Aurten Nafar piriniotara egin da irteera, uztailak 25 larunbatan Orhi igo zen Otxagabiatik eta igandean Txamantxoiara joan ginen Asolazetik<br \/>\n<\/span><\/span><\/p>\n<h5><strong><span style=\"color: #000000; font-size: medium;\">IRTEERAK URTEAN ZEHAR<\/span><\/strong><\/h5>\n<p><span style=\"color: #000000;\"><span style=\"font-size: medium;\">Urtean zehar, igandetan egiten dira irteerak<\/span>,\u00a0<span style=\"font-size: medium;\">goizez. Normalean, edo Lesakatik bertatik ateratzen gara, edo kotxez ibilbidea laburrak eginda, inguruko mendietara joaten gara. Oinezko ibilaldiek 4-5 ordu irauten dute, eta eguerdi aldera itzultzen gara herrira. \u00abBeti Gazteren Egutegia\u00bb atalean ikusten ahal duzu 2015ko egutegia. \u00a0<\/span><\/span><\/p>\n<p><span style=\"color: #000000; font-size: medium;\">Irteerak ortzegunetan iragartzen dira normalean, zer eguraldia egin behar duen kontuan hartuta. \u00abHurrengo irteera\u00bb atalean ikusten ahal da hori, irteera dagoen astean.<\/span><\/p>\n<p><span style=\"color: #000000; font-size: medium;\">Duela gutti talde berri bat osatu dugu irteera errazagoak burutzeko.<\/span><\/p>\n<h5><span style=\"color: #000000; font-size: medium;\"><strong>NAFARROAKO MENDI ELKARTEEN EGUNA<\/strong><\/span><\/h5>\n<h5><span style=\"color: #000000; font-size: medium;\"><strong><a href=\"http:\/\/www.betigazte.net\/wp-content\/uploads\/2018\/02\/P1225346.jpg\"><img loading=\"lazy\" decoding=\"async\" class=\" wp-image-644 alignleft\" src=\"http:\/\/www.betigazte.net\/wp-content\/uploads\/2018\/02\/P1225346-300x225.jpg\" alt=\"\" width=\"255\" height=\"191\" srcset=\"http:\/\/www.betigazte.net\/wp-content\/uploads\/2018\/02\/P1225346-300x225.jpg 300w, http:\/\/www.betigazte.net\/wp-content\/uploads\/2018\/02\/P1225346-768x576.jpg 768w, http:\/\/www.betigazte.net\/wp-content\/uploads\/2018\/02\/P1225346-600x450.jpg 600w, http:\/\/www.betigazte.net\/wp-content\/uploads\/2018\/02\/P1225346.jpg 800w\" sizes=\"auto, (max-width: 255px) 100vw, 255px\" \/><\/a><\/strong><\/span><\/h5>\n<p><span style=\"font-size: medium;\">Bertze jarduera bat, duela urte batzuk parte hartzen ari garena, Urrian ospatzen den Nafarroako Mendi Elkarteen e<\/span><span style=\"font-size: medium;\">guna da. 2015. urtean Lesakan antolatu genuen, 2010ean bezala, Beti-Gazteren eta iru\u00f1ako Oberenaren eskutik gure 75. urteurrenaren ospakizunen barrenean. Bertze herriko taldeei languntza ere eskeini diegu ekitaldia antolatzeko, adibidez\u00a0<\/span><span style=\"font-size: medium;\">San Adri\u00e1n, Alsasua, San Jean de Pie de Port&#8230;<\/span><\/p>\n<h5><strong><span style=\"color: #000000; font-size: medium;\">GR-REN MANTENIMENDUA<\/span><\/strong><\/h5>\n<p><span style=\"color: #000000; font-size: medium;\"><a href=\"http:\/\/www.betigazte.net\/wp-content\/uploads\/2018\/02\/Mirador-de-las-Cinco-Villas-Lesaka2.jpg\"><img loading=\"lazy\" decoding=\"async\" class=\"size-medium wp-image-645 alignright\" src=\"http:\/\/www.betigazte.net\/wp-content\/uploads\/2018\/02\/Mirador-de-las-Cinco-Villas-Lesaka2-300x173.jpg\" alt=\"\" width=\"300\" height=\"173\" srcset=\"http:\/\/www.betigazte.net\/wp-content\/uploads\/2018\/02\/Mirador-de-las-Cinco-Villas-Lesaka2-300x173.jpg 300w, http:\/\/www.betigazte.net\/wp-content\/uploads\/2018\/02\/Mirador-de-las-Cinco-Villas-Lesaka2.jpg 474w\" sizes=\"auto, (max-width: 300px) 100vw, 300px\" \/><\/a>Bertzalde, adierazi behar da elkarteko hainbat kidek parte hartzen dutela Nafarroako Federazioak bidaxken seinalizazio eta mantenimendurako eratu dituen boluntario taldeetan. Horiek lanean aritu dira (eta ari dira) GR-11.3-ko seinalizazioan, Irundik &#8211; Txori-Lepora doaien tartean. Halaber, Bidasoako GR berria markatzen aritu dira, Lesaka-Bustizko Lepoa tartean. GR honek lotzen ditu aipatu GR-a GR-12arekin eta Baztanekin. Azken zati honetan elkarlanean aritu gara Igantziko eta Arantzako boluntarioekin.<\/span><\/p>\n","protected":false},"excerpt":{"rendered":"<p>FEDERATUAK Gaur egun 250 federatu inguru gara. Azken urteotan federatu kopuruaren igoera nabarmena izan da. Oraindik ez duzu zure lizentzia? Hementxe uzten dizuegu lizentzia izateko bete beharreko orria. : X. Mendi-Formulario. Izen-emate orria bete eta kirola@betigazte.net helbide elektronikora bidali. Bertzalde,&#8230; <a class=\"more-link\" href=\"http:\/\/www.betigazte.net\/?page_id=272\">Seguir leyendo &rarr;<\/a><\/p>\n","protected":false},"author":2,"featured_media":0,"parent":0,"menu_order":0,"comment_status":"closed","ping_status":"closed","template":"","meta":{"spay_email":"","footnotes":""},"class_list":["post-272","page","type-page","status-publish","hentry"],"jetpack_sharing_enabled":true,"jetpack_shortlink":"https:\/\/wp.me\/P9WiWE-4o","_links":{"self":[{"href":"http:\/\/www.betigazte.net\/index.php?rest_route=\/wp\/v2\/pages\/272","targetHints":{"allow":["GET"]}}],"collection":[{"href":"http:\/\/www.betigazte.net\/index.php?rest_route=\/wp\/v2\/pages"}],"about":[{"href":"http:\/\/www.betigazte.net\/index.php?rest_route=\/wp\/v2\/types\/page"}],"author":[{"embeddable":true,"href":"http:\/\/www.betigazte.net\/index.php?rest_route=\/wp\/v2\/users\/2"}],"replies":[{"embeddable":true,"href":"http:\/\/www.betigazte.net\/index.php?rest_route=%2Fwp%2Fv2%2Fcomments&post=272"}],"version-history":[{"count":12,"href":"http:\/\/www.betigazte.net\/index.php?rest_route=\/wp\/v2\/pages\/272\/revisions"}],"predecessor-version":[{"id":5610,"href":"http:\/\/www.betigazte.net\/index.php?rest_route=\/wp\/v2\/pages\/272\/revisions\/5610"}],"wp:attachment":[{"href":"http:\/\/www.betigazte.net\/index.php?rest_route=%2Fwp%2Fv2%2Fmedia&parent=272"}],"curies":[{"name":"wp","href":"https:\/\/api.w.org\/{rel}","templated":true}]}}