{"id":601,"date":"2017-12-21T12:19:32","date_gmt":"2017-12-21T12:19:32","guid":{"rendered":"https:\/\/betigazte.000webhostapp.com\/?page_id=601"},"modified":"2019-03-14T11:39:30","modified_gmt":"2019-03-14T11:39:30","slug":"sokatira","status":"publish","type":"page","link":"http:\/\/www.betigazte.net\/?page_id=601","title":{"rendered":"Sokatira"},"content":{"rendered":"<h5><strong>HISTORIA<\/strong><\/h5>\n<p>Hace m\u00e1s de dos d\u00e9cadas que se cre\u00f3 el grupo de Sokatira del Beti Gazte, concretamente en el a\u00f1o 1992, participando por primera vez en el Campeonato de Navarra. En ese mismo campeonato, pero dos a\u00f1os despu\u00e9s logr\u00f3 su primera txapela.<\/p>\n<p>Posteriormente, en el a\u00f1o 1996, se alz\u00f3 con la txapela de Euskal Herria, en una dura tirada contra Urrestilla. Al a\u00f1o siguiente, disput\u00f3 en el mundial de sokatira celebrado en Inglaterra, volviendo a Lesaka con dos medallas de plata.<\/p>\n<p><a href=\"http:\/\/betigazte.net\/public_html\/wp-content\/uploads\/2018\/03\/3-1.jpg\"><img loading=\"lazy\" decoding=\"async\" class=\"size-medium wp-image-721 alignright\" src=\"http:\/\/betigazte.net\/public_html\/wp-content\/uploads\/2018\/03\/3-1-300x205.jpg\" alt=\"\" width=\"300\" height=\"205\" srcset=\"http:\/\/www.betigazte.net\/wp-content\/uploads\/2018\/03\/3-1-300x205.jpg 300w, http:\/\/www.betigazte.net\/wp-content\/uploads\/2018\/03\/3-1.jpg 373w\" sizes=\"auto, (max-width: 300px) 100vw, 300px\" \/><\/a>Tras 11 tiradas por Euskal Herria, es en el a\u00f1o 1999 cuando lleg\u00f3 el mayor logro del grupo hasta entonces. Beti Gazte consigui\u00f3 la Medalla de Oro en 560 kilos en el Mundial de Sokatira celebrado en Irlanda, no perdiendo ni una de las tiradas disputadas. Posteriormente, en el a\u00f1o 2000 y 2004 tambi\u00e9m consiguieron una Medala de Oro en cada uno de los Mundiales, en Holanda y Escocia.<\/p>\n<p>Hasta el a\u00f1o 2007 la trayectoria del grupo de Sokatira del Beti Gazte fue memorable.<\/p>\n<p>PALMARESA:<\/p>\n<p>CAMPEONATO DE NAVARRA: 33 TXAPELAS<\/p>\n<p>CAMPEONATO DE EUSKAL HERRIKO: 9 TXAPELAS<\/p>\n<p>CAMPEONATO DEL MUNDO A NIVEL DE CLUB: 4 MEDALLAS DE ORO, 3 DE PLATA Y 2 DE BRONCE.<\/p>\n<p>CAMPEONATO DEL MUNDO A NIVEL NACIONAL: 1 MEDALLA DE PLATA.<\/p>\n<p>CAMPEONATO 7 PROVINCIAS: 2 TXAPELAS.<\/p>\n<h5><strong>HOY D\u00cdA<\/strong><\/h5>\n<p><a href=\"http:\/\/betigazte.net\/public_html\/wp-content\/uploads\/2018\/03\/28617032_10155053680511933_6816411986148355977_o.jpg\"><img loading=\"lazy\" decoding=\"async\" class=\"size-medium wp-image-723 alignright\" src=\"http:\/\/betigazte.net\/public_html\/wp-content\/uploads\/2018\/03\/28617032_10155053680511933_6816411986148355977_o-300x166.jpg\" alt=\"\" width=\"300\" height=\"166\" srcset=\"http:\/\/www.betigazte.net\/wp-content\/uploads\/2018\/03\/28617032_10155053680511933_6816411986148355977_o-300x166.jpg 300w, http:\/\/www.betigazte.net\/wp-content\/uploads\/2018\/03\/28617032_10155053680511933_6816411986148355977_o-768x426.jpg 768w, http:\/\/www.betigazte.net\/wp-content\/uploads\/2018\/03\/28617032_10155053680511933_6816411986148355977_o-1024x568.jpg 1024w, http:\/\/www.betigazte.net\/wp-content\/uploads\/2018\/03\/28617032_10155053680511933_6816411986148355977_o-945x524.jpg 945w, http:\/\/www.betigazte.net\/wp-content\/uploads\/2018\/03\/28617032_10155053680511933_6816411986148355977_o-600x333.jpg 600w, http:\/\/www.betigazte.net\/wp-content\/uploads\/2018\/03\/28617032_10155053680511933_6816411986148355977_o.jpg 2048w\" sizes=\"auto, (max-width: 300px) 100vw, 300px\" \/><\/a>En el a\u00f1o 2014 debido a la \u201ctxirrinta\u201d de algunos veteranos, y con el \u00e1nimo de algunos j\u00f3venes se consigui\u00f3 recuperar el Grupo de Sokatira del Beti Gazte. Pronto dieron el salto de los entrenamientos a las competiciones, alz\u00e1ndose este primer a\u00f1o con la txapela del campeonato de Navarra, en la categor\u00eda de 600 kg y 640 kg.<\/p>\n<p>Al a\u00f1o siguiente, se alzaron tambi\u00e9n con la txapela navarra de 8&#215;8, as\u00ed como en la categor\u00eda 4&#215;4 de 300 kg, donde el anterior a\u00f1o quedaron en segunda posici\u00f3n. Adem\u00e1s en el Campeonato 7 Provincias y en el de Euskadi, tambi\u00e9n han ido ganando txapelas en diferentes categor\u00edas: en el primero de ellos con 3 txapelas, y en el segundo en cambio, una en la categor\u00eda 4&#215;4, otra en la modalidad de 320 kg, y finalmente dos en la de 300kg.<\/p>\n<p><a href=\"http:\/\/betigazte.net\/public_html\/wp-content\/uploads\/2018\/03\/27908077_527457087639596_8228665914975294383_o.jpg\"><img loading=\"lazy\" decoding=\"async\" class=\"size-medium wp-image-726 aligncenter\" src=\"http:\/\/betigazte.net\/public_html\/wp-content\/uploads\/2018\/03\/27908077_527457087639596_8228665914975294383_o-300x141.jpg\" alt=\"\" width=\"300\" height=\"141\" srcset=\"http:\/\/www.betigazte.net\/wp-content\/uploads\/2018\/03\/27908077_527457087639596_8228665914975294383_o-300x141.jpg 300w, http:\/\/www.betigazte.net\/wp-content\/uploads\/2018\/03\/27908077_527457087639596_8228665914975294383_o-768x361.jpg 768w, http:\/\/www.betigazte.net\/wp-content\/uploads\/2018\/03\/27908077_527457087639596_8228665914975294383_o-1024x482.jpg 1024w, http:\/\/www.betigazte.net\/wp-content\/uploads\/2018\/03\/27908077_527457087639596_8228665914975294383_o-945x445.jpg 945w, http:\/\/www.betigazte.net\/wp-content\/uploads\/2018\/03\/27908077_527457087639596_8228665914975294383_o-600x282.jpg 600w, http:\/\/www.betigazte.net\/wp-content\/uploads\/2018\/03\/27908077_527457087639596_8228665914975294383_o.jpg 2030w\" sizes=\"auto, (max-width: 300px) 100vw, 300px\" \/><\/a><\/p>\n<p><a href=\"http:\/\/betigazte.net\/public_html\/wp-content\/uploads\/2018\/03\/25439014_570454866629428_3022100959494950191_o.jpg\"><img loading=\"lazy\" decoding=\"async\" class=\"size-medium wp-image-724 alignleft\" src=\"http:\/\/betigazte.net\/public_html\/wp-content\/uploads\/2018\/03\/25439014_570454866629428_3022100959494950191_o-300x167.jpg\" alt=\"\" width=\"300\" height=\"167\" srcset=\"http:\/\/www.betigazte.net\/wp-content\/uploads\/2018\/03\/25439014_570454866629428_3022100959494950191_o-300x167.jpg 300w, http:\/\/www.betigazte.net\/wp-content\/uploads\/2018\/03\/25439014_570454866629428_3022100959494950191_o-768x428.jpg 768w, http:\/\/www.betigazte.net\/wp-content\/uploads\/2018\/03\/25439014_570454866629428_3022100959494950191_o-1024x570.jpg 1024w, http:\/\/www.betigazte.net\/wp-content\/uploads\/2018\/03\/25439014_570454866629428_3022100959494950191_o-945x526.jpg 945w, http:\/\/www.betigazte.net\/wp-content\/uploads\/2018\/03\/25439014_570454866629428_3022100959494950191_o-600x334.jpg 600w, http:\/\/www.betigazte.net\/wp-content\/uploads\/2018\/03\/25439014_570454866629428_3022100959494950191_o.jpg 2048w\" sizes=\"auto, (max-width: 300px) 100vw, 300px\" \/><\/a>Al igual que lo consiguieron los hombres del equipo, tambi\u00e9n las mujeres en el a\u00f1o 2017 consiguieron recuperar el equipo de mujeres. Ese mismo a\u00f1o 2017 participaron en el Campeonato 4&#215;4 y 8&#215;8, logrando el tercer puesto en ambas modalidades.<\/p>\n<p>Aprovechando la ocasi\u00f3n, tambi\u00e9n han formado equipo mixto para del Beti Gazte, participando en el Campeonato navarro en la modalidad de 550kg, logrando su primera txapela en dos duras tiradas contra Berriozar.<\/p>\n<p><a href=\"http:\/\/betigazte.net\/public_html\/wp-content\/uploads\/2018\/03\/28423902_534215380297100_3532351963615092752_o.jpg\"><img loading=\"lazy\" decoding=\"async\" class=\"size-medium wp-image-725 aligncenter\" src=\"http:\/\/betigazte.net\/public_html\/wp-content\/uploads\/2018\/03\/28423902_534215380297100_3532351963615092752_o-300x300.jpg\" alt=\"\" width=\"300\" height=\"300\" srcset=\"http:\/\/www.betigazte.net\/wp-content\/uploads\/2018\/03\/28423902_534215380297100_3532351963615092752_o-300x300.jpg 300w, http:\/\/www.betigazte.net\/wp-content\/uploads\/2018\/03\/28423902_534215380297100_3532351963615092752_o-150x150.jpg 150w, http:\/\/www.betigazte.net\/wp-content\/uploads\/2018\/03\/28423902_534215380297100_3532351963615092752_o-768x768.jpg 768w, http:\/\/www.betigazte.net\/wp-content\/uploads\/2018\/03\/28423902_534215380297100_3532351963615092752_o-1024x1024.jpg 1024w, http:\/\/www.betigazte.net\/wp-content\/uploads\/2018\/03\/28423902_534215380297100_3532351963615092752_o-945x945.jpg 945w, http:\/\/www.betigazte.net\/wp-content\/uploads\/2018\/03\/28423902_534215380297100_3532351963615092752_o-600x600.jpg 600w, http:\/\/www.betigazte.net\/wp-content\/uploads\/2018\/03\/28423902_534215380297100_3532351963615092752_o.jpg 1373w\" sizes=\"auto, (max-width: 300px) 100vw, 300px\" \/><\/a><\/p>\n<p>Peque\u00f1o reportaje del Campeonato Mundial de Glasgown\u00a0 del a\u00f1o 2004.<\/p>\n<p>&nbsp;<\/p>\n<p><span class=\"embed-youtube\" style=\"text-align:center; display: block;\"><iframe loading=\"lazy\" class=\"youtube-player\" width=\"676\" height=\"381\" src=\"https:\/\/www.youtube.com\/embed\/VMhfVmWXj2E?version=3&#038;rel=1&#038;showsearch=0&#038;showinfo=1&#038;iv_load_policy=1&#038;fs=1&#038;hl=es-ES&#038;autohide=2&#038;wmode=transparent\" allowfullscreen=\"true\" style=\"border:0;\" sandbox=\"allow-scripts allow-same-origin allow-popups allow-presentation\"><\/iframe><\/span><\/p>\n","protected":false},"excerpt":{"rendered":"<p>HISTORIA Hace m\u00e1s de dos d\u00e9cadas que se cre\u00f3 el grupo de Sokatira del Beti Gazte, concretamente en el a\u00f1o 1992, participando por primera vez en el Campeonato de Navarra. En ese mismo campeonato, pero dos a\u00f1os despu\u00e9s logr\u00f3 su&#8230; <a class=\"more-link\" href=\"http:\/\/www.betigazte.net\/?page_id=601\">Seguir leyendo &rarr;<\/a><\/p>\n","protected":false},"author":2,"featured_media":0,"parent":0,"menu_order":0,"comment_status":"closed","ping_status":"closed","template":"","meta":{"spay_email":"","footnotes":""},"class_list":["post-601","page","type-page","status-publish","hentry"],"jetpack_sharing_enabled":true,"jetpack_shortlink":"https:\/\/wp.me\/P9WiWE-9H","_links":{"self":[{"href":"http:\/\/www.betigazte.net\/index.php?rest_route=\/wp\/v2\/pages\/601","targetHints":{"allow":["GET"]}}],"collection":[{"href":"http:\/\/www.betigazte.net\/index.php?rest_route=\/wp\/v2\/pages"}],"about":[{"href":"http:\/\/www.betigazte.net\/index.php?rest_route=\/wp\/v2\/types\/page"}],"author":[{"embeddable":true,"href":"http:\/\/www.betigazte.net\/index.php?rest_route=\/wp\/v2\/users\/2"}],"replies":[{"embeddable":true,"href":"http:\/\/www.betigazte.net\/index.php?rest_route=%2Fwp%2Fv2%2Fcomments&post=601"}],"version-history":[{"count":1,"href":"http:\/\/www.betigazte.net\/index.php?rest_route=\/wp\/v2\/pages\/601\/revisions"}],"predecessor-version":[{"id":2489,"href":"http:\/\/www.betigazte.net\/index.php?rest_route=\/wp\/v2\/pages\/601\/revisions\/2489"}],"wp:attachment":[{"href":"http:\/\/www.betigazte.net\/index.php?rest_route=%2Fwp%2Fv2%2Fmedia&parent=601"}],"curies":[{"name":"wp","href":"https:\/\/api.w.org\/{rel}","templated":true}]}}